{"id":921,"date":"2025-04-27T18:33:22","date_gmt":"2025-04-27T16:33:22","guid":{"rendered":"https:\/\/www.castillomiklas.sk\/bloc\/"},"modified":"2025-10-14T23:10:51","modified_gmt":"2025-10-14T21:10:51","slug":"bloc","status":"publish","type":"page","link":"https:\/\/www.castillomiklas.sk\/ca\/bloc\/","title":{"rendered":"Bloc"},"content":{"rendered":"\t\t<div data-elementor-type=\"wp-post\" data-elementor-id=\"921\" class=\"elementor elementor-921 elementor-697\" data-elementor-post-type=\"page\">\n\t\t\t\t\t\t<section class=\"elementor-section elementor-top-section elementor-element elementor-element-eea8b88 elementor-section-boxed elementor-section-height-default elementor-section-height-default\" data-id=\"eea8b88\" data-element_type=\"section\">\n\t\t\t\t\t\t<div class=\"elementor-container elementor-column-gap-default\">\n\t\t\t\t\t<div class=\"elementor-column elementor-col-100 elementor-top-column elementor-element elementor-element-fee8946\" data-id=\"fee8946\" data-element_type=\"column\">\n\t\t\t<div class=\"elementor-widget-wrap elementor-element-populated\">\n\t\t\t\t\t\t<div class=\"elementor-element elementor-element-6ed90af elementor-widget elementor-widget-spacer\" data-id=\"6ed90af\" data-element_type=\"widget\" data-widget_type=\"spacer.default\">\n\t\t\t\t<div class=\"elementor-widget-container\">\n\t\t\t\t\t\t\t<div class=\"elementor-spacer\">\n\t\t\t<div class=\"elementor-spacer-inner\"><\/div>\n\t\t<\/div>\n\t\t\t\t\t\t<\/div>\n\t\t\t\t<\/div>\n\t\t\t\t<div class=\"elementor-element elementor-element-e1806ee elementor-widget__width-inherit elementor-widget elementor-widget-heading\" data-id=\"e1806ee\" data-element_type=\"widget\" data-widget_type=\"heading.default\">\n\t\t\t\t<div class=\"elementor-widget-container\">\n\t\t\t\t\t<h1 class=\"elementor-heading-title elementor-size-default\">Bloc<\/h1>\t\t\t\t<\/div>\n\t\t\t\t<\/div>\n\t\t\t\t\t<\/div>\n\t\t<\/div>\n\t\t\t\t\t<\/div>\n\t\t<\/section>\n\t\t\t\t<section class=\"elementor-section elementor-top-section elementor-element elementor-element-7711da09 elementor-section-boxed elementor-section-height-default elementor-section-height-default\" data-id=\"7711da09\" data-element_type=\"section\">\n\t\t\t\t\t\t<div class=\"elementor-container elementor-column-gap-default\">\n\t\t\t\t\t<div class=\"elementor-column elementor-col-100 elementor-top-column elementor-element elementor-element-366fd1e\" data-id=\"366fd1e\" data-element_type=\"column\">\n\t\t\t<div class=\"elementor-widget-wrap elementor-element-populated\">\n\t\t\t\t\t\t<div class=\"elementor-element elementor-element-f6c6ab8 elementor-grid-3 elementor-grid-tablet-2 elementor-grid-mobile-1 elementor-posts--thumbnail-top elementor-card-shadow-yes elementor-posts__hover-gradient elementor-widget elementor-widget-posts\" data-id=\"f6c6ab8\" data-element_type=\"widget\" data-settings=\"{&quot;cards_columns&quot;:&quot;3&quot;,&quot;cards_columns_tablet&quot;:&quot;2&quot;,&quot;cards_columns_mobile&quot;:&quot;1&quot;,&quot;cards_row_gap&quot;:{&quot;unit&quot;:&quot;px&quot;,&quot;size&quot;:35,&quot;sizes&quot;:[]},&quot;cards_row_gap_tablet&quot;:{&quot;unit&quot;:&quot;px&quot;,&quot;size&quot;:&quot;&quot;,&quot;sizes&quot;:[]},&quot;cards_row_gap_mobile&quot;:{&quot;unit&quot;:&quot;px&quot;,&quot;size&quot;:&quot;&quot;,&quot;sizes&quot;:[]}}\" data-widget_type=\"posts.cards\">\n\t\t\t\t<div class=\"elementor-widget-container\">\n\t\t\t\t\t\t\t<div class=\"elementor-posts-container elementor-posts elementor-posts--skin-cards elementor-grid\" role=\"list\">\n\t\t\t\t<article class=\"elementor-post elementor-grid-item post-1004 post type-post status-publish format-standard has-post-thumbnail hentry category-uncategorized-ca\" role=\"listitem\">\n\t\t\t<div class=\"elementor-post__card\">\n\t\t\t\t<a class=\"elementor-post__thumbnail__link\" href=\"https:\/\/www.castillomiklas.sk\/ca\/blog-3\/\" tabindex=\"-1\" ><div class=\"elementor-post__thumbnail\"><img fetchpriority=\"high\" decoding=\"async\" width=\"301\" height=\"245\" src=\"https:\/\/www.castillomiklas.sk\/wp-content\/uploads\/2025\/02\/Castillo-vyucba-jazykov-mobil.png\" class=\"attachment-full size-full wp-image-811\" alt=\"\" \/><\/div><\/a>\n\t\t\t\t<div class=\"elementor-post__text\">\n\t\t\t\t<h3 class=\"elementor-post__title\">\n\t\t\t<a href=\"https:\/\/www.castillomiklas.sk\/ca\/blog-3\/\" >\n\t\t\t\tBlog 3\t\t\t<\/a>\n\t\t<\/h3>\n\t\t\t\t<div class=\"elementor-post__excerpt\">\n\t\t\t<p>Lorem ipsum dolor sit amet, consectetur adipiscing elit. Cras non magna nec dui luctus euismod. Curabitur ut felis neque. Pellentesque dapibus ex vel purus euismod, at sollicitudin arcu elementum.   <\/p>\n\t\t<\/div>\n\t\t\n\t\t<a class=\"elementor-post__read-more\" href=\"https:\/\/www.castillomiklas.sk\/ca\/blog-3\/\" aria-label=\"Read more about Blog 3\" tabindex=\"-1\" >\n\t\t\t\u010c\u00edta\u0165 viac\t\t<\/a>\n\n\t\t\t\t<\/div>\n\t\t\t\t\t<\/div>\n\t\t<\/article>\n\t\t\t\t<article class=\"elementor-post elementor-grid-item post-1010 post type-post status-publish format-standard has-post-thumbnail hentry category-uncategorized-ca\" role=\"listitem\">\n\t\t\t<div class=\"elementor-post__card\">\n\t\t\t\t<a class=\"elementor-post__thumbnail__link\" href=\"https:\/\/www.castillomiklas.sk\/ca\/bloc-2\/\" tabindex=\"-1\" ><div class=\"elementor-post__thumbnail\"><img fetchpriority=\"high\" decoding=\"async\" width=\"301\" height=\"245\" src=\"https:\/\/www.castillomiklas.sk\/wp-content\/uploads\/2025\/02\/Castillo-vyucba-jazykov-mobil.png\" class=\"attachment-full size-full wp-image-811\" alt=\"\" \/><\/div><\/a>\n\t\t\t\t<div class=\"elementor-post__text\">\n\t\t\t\t<h3 class=\"elementor-post__title\">\n\t\t\t<a href=\"https:\/\/www.castillomiklas.sk\/ca\/bloc-2\/\" >\n\t\t\t\tBloc 2\t\t\t<\/a>\n\t\t<\/h3>\n\t\t\t\t<div class=\"elementor-post__excerpt\">\n\t\t\t<p>Lorem ipsum dolor sit amet, consectetur adipiscing elit. Cras non magna nec dui luctus euismod. Curabitur ut felis neque. Pellentesque dapibus ex vel purus euismod, at sollicitudin arcu elementum.   <\/p>\n\t\t<\/div>\n\t\t\n\t\t<a class=\"elementor-post__read-more\" href=\"https:\/\/www.castillomiklas.sk\/ca\/bloc-2\/\" aria-label=\"Read more about Bloc 2\" tabindex=\"-1\" >\n\t\t\t\u010c\u00edta\u0165 viac\t\t<\/a>\n\n\t\t\t\t<\/div>\n\t\t\t\t\t<\/div>\n\t\t<\/article>\n\t\t\t\t<article class=\"elementor-post elementor-grid-item post-1020 post type-post status-publish format-standard has-post-thumbnail hentry category-uncategorized-ca\" role=\"listitem\">\n\t\t\t<div class=\"elementor-post__card\">\n\t\t\t\t<a class=\"elementor-post__thumbnail__link\" href=\"https:\/\/www.castillomiklas.sk\/ca\/bloc-1\/\" tabindex=\"-1\" ><div class=\"elementor-post__thumbnail\"><img fetchpriority=\"high\" decoding=\"async\" width=\"301\" height=\"245\" src=\"https:\/\/www.castillomiklas.sk\/wp-content\/uploads\/2025\/02\/Castillo-vyucba-jazykov-mobil.png\" class=\"attachment-full size-full wp-image-811\" alt=\"\" \/><\/div><\/a>\n\t\t\t\t<div class=\"elementor-post__text\">\n\t\t\t\t<h3 class=\"elementor-post__title\">\n\t\t\t<a href=\"https:\/\/www.castillomiklas.sk\/ca\/bloc-1\/\" >\n\t\t\t\tBloc 1\t\t\t<\/a>\n\t\t<\/h3>\n\t\t\t\t<div class=\"elementor-post__excerpt\">\n\t\t\t<p>Lorem ipsum dolor sit amet, consectetur adipiscing elit. Cras non magna nec dui luctus euismod. Curabitur ut felis neque. Pellentesque dapibus ex vel purus euismod, at sollicitudin arcu elementum.   <\/p>\n\t\t<\/div>\n\t\t\n\t\t<a class=\"elementor-post__read-more\" href=\"https:\/\/www.castillomiklas.sk\/ca\/bloc-1\/\" aria-label=\"Read more about Bloc 1\" tabindex=\"-1\" >\n\t\t\t\u010c\u00edta\u0165 viac\t\t<\/a>\n\n\t\t\t\t<\/div>\n\t\t\t\t\t<\/div>\n\t\t<\/article>\n\t\t\t\t<\/div>\n\t\t\n\t\t\t\t\t\t<\/div>\n\t\t\t\t<\/div>\n\t\t\t\t<div class=\"elementor-element elementor-element-5377fcf elementor-widget elementor-widget-spacer\" data-id=\"5377fcf\" data-element_type=\"widget\" data-widget_type=\"spacer.default\">\n\t\t\t\t<div class=\"elementor-widget-container\">\n\t\t\t\t\t\t\t<div class=\"elementor-spacer\">\n\t\t\t<div class=\"elementor-spacer-inner\"><\/div>\n\t\t<\/div>\n\t\t\t\t\t\t<\/div>\n\t\t\t\t<\/div>\n\t\t\t\t\t<\/div>\n\t\t<\/div>\n\t\t\t\t\t<\/div>\n\t\t<\/section>\n\t\t\t\t<\/div>\n\t\t","protected":false},"excerpt":{"rendered":"<p>Bloc<\/p>\n","protected":false},"author":3,"featured_media":0,"parent":0,"menu_order":0,"comment_status":"closed","ping_status":"closed","template":"elementor_header_footer","meta":{"footnotes":""},"class_list":["post-921","page","type-page","status-publish","hentry"],"yoast_head":"<!-- This site is optimized with the Yoast SEO plugin v25.8 - https:\/\/yoast.com\/wordpress\/plugins\/seo\/ -->\n<title>Bloc - Daniela Castillo Mikla\u0161<\/title>\n<meta name=\"robots\" content=\"noindex, follow\" \/>\n<meta property=\"og:locale\" content=\"ca_ES\" \/>\n<meta property=\"og:type\" content=\"article\" \/>\n<meta property=\"og:title\" content=\"Bloc - Daniela Castillo Mikla\u0161\" \/>\n<meta property=\"og:description\" content=\"Bloc\" \/>\n<meta property=\"og:url\" content=\"https:\/\/www.castillomiklas.sk\/ca\/bloc\/\" \/>\n<meta property=\"og:site_name\" content=\"Daniela Castillo Mikla\u0161\" \/>\n<meta property=\"article:modified_time\" content=\"2025-10-14T21:10:51+00:00\" \/>\n<meta name=\"twitter:card\" content=\"summary_large_image\" \/>\n<meta name=\"twitter:label1\" content=\"Temps estimat de lectura\" \/>\n\t<meta name=\"twitter:data1\" content=\"1 minut\" \/>\n<script type=\"application\/ld+json\" class=\"yoast-schema-graph\">{\"@context\":\"https:\/\/schema.org\",\"@graph\":[{\"@type\":\"WebPage\",\"@id\":\"https:\/\/www.castillomiklas.sk\/ca\/bloc\/\",\"url\":\"https:\/\/www.castillomiklas.sk\/ca\/bloc\/\",\"name\":\"Bloc - Daniela Castillo Mikla\u0161\",\"isPartOf\":{\"@id\":\"https:\/\/www.castillomiklas.sk\/#website\"},\"datePublished\":\"2025-04-27T16:33:22+00:00\",\"dateModified\":\"2025-10-14T21:10:51+00:00\",\"breadcrumb\":{\"@id\":\"https:\/\/www.castillomiklas.sk\/ca\/bloc\/#breadcrumb\"},\"inLanguage\":\"ca\",\"potentialAction\":[{\"@type\":\"ReadAction\",\"target\":[\"https:\/\/www.castillomiklas.sk\/ca\/bloc\/\"]}]},{\"@type\":\"BreadcrumbList\",\"@id\":\"https:\/\/www.castillomiklas.sk\/ca\/bloc\/#breadcrumb\",\"itemListElement\":[{\"@type\":\"ListItem\",\"position\":1,\"name\":\"Home\",\"item\":\"https:\/\/www.castillomiklas.sk\/\"},{\"@type\":\"ListItem\",\"position\":2,\"name\":\"Bloc\"}]},{\"@type\":\"WebSite\",\"@id\":\"https:\/\/www.castillomiklas.sk\/#website\",\"url\":\"https:\/\/www.castillomiklas.sk\/\",\"name\":\"Daniela Castillo Mikla\u0161\",\"description\":\"\",\"publisher\":{\"@id\":\"https:\/\/www.castillomiklas.sk\/#organization\"},\"potentialAction\":[{\"@type\":\"SearchAction\",\"target\":{\"@type\":\"EntryPoint\",\"urlTemplate\":\"https:\/\/www.castillomiklas.sk\/?s={search_term_string}\"},\"query-input\":{\"@type\":\"PropertyValueSpecification\",\"valueRequired\":true,\"valueName\":\"search_term_string\"}}],\"inLanguage\":\"ca\"},{\"@type\":\"Organization\",\"@id\":\"https:\/\/www.castillomiklas.sk\/#organization\",\"name\":\"Daniela Castillo Mikla\u0161\",\"url\":\"https:\/\/www.castillomiklas.sk\/\",\"logo\":{\"@type\":\"ImageObject\",\"inLanguage\":\"ca\",\"@id\":\"https:\/\/www.castillomiklas.sk\/#\/schema\/logo\/image\/\",\"url\":\"https:\/\/www.castillomiklas.sk\/wp-content\/uploads\/2025\/02\/Castillo-logo.svg\",\"contentUrl\":\"https:\/\/www.castillomiklas.sk\/wp-content\/uploads\/2025\/02\/Castillo-logo.svg\",\"width\":140,\"height\":140,\"caption\":\"Daniela Castillo Mikla\u0161\"},\"image\":{\"@id\":\"https:\/\/www.castillomiklas.sk\/#\/schema\/logo\/image\/\"}}]}<\/script>\n<!-- \/ Yoast SEO plugin. -->","yoast_head_json":{"title":"Bloc - Daniela Castillo Mikla\u0161","robots":{"index":"noindex","follow":"follow"},"og_locale":"ca_ES","og_type":"article","og_title":"Bloc - Daniela Castillo Mikla\u0161","og_description":"Bloc","og_url":"https:\/\/www.castillomiklas.sk\/ca\/bloc\/","og_site_name":"Daniela Castillo Mikla\u0161","article_modified_time":"2025-10-14T21:10:51+00:00","twitter_card":"summary_large_image","twitter_misc":{"Temps estimat de lectura":"1 minut"},"schema":{"@context":"https:\/\/schema.org","@graph":[{"@type":"WebPage","@id":"https:\/\/www.castillomiklas.sk\/ca\/bloc\/","url":"https:\/\/www.castillomiklas.sk\/ca\/bloc\/","name":"Bloc - Daniela Castillo Mikla\u0161","isPartOf":{"@id":"https:\/\/www.castillomiklas.sk\/#website"},"datePublished":"2025-04-27T16:33:22+00:00","dateModified":"2025-10-14T21:10:51+00:00","breadcrumb":{"@id":"https:\/\/www.castillomiklas.sk\/ca\/bloc\/#breadcrumb"},"inLanguage":"ca","potentialAction":[{"@type":"ReadAction","target":["https:\/\/www.castillomiklas.sk\/ca\/bloc\/"]}]},{"@type":"BreadcrumbList","@id":"https:\/\/www.castillomiklas.sk\/ca\/bloc\/#breadcrumb","itemListElement":[{"@type":"ListItem","position":1,"name":"Home","item":"https:\/\/www.castillomiklas.sk\/"},{"@type":"ListItem","position":2,"name":"Bloc"}]},{"@type":"WebSite","@id":"https:\/\/www.castillomiklas.sk\/#website","url":"https:\/\/www.castillomiklas.sk\/","name":"Daniela Castillo Mikla\u0161","description":"","publisher":{"@id":"https:\/\/www.castillomiklas.sk\/#organization"},"potentialAction":[{"@type":"SearchAction","target":{"@type":"EntryPoint","urlTemplate":"https:\/\/www.castillomiklas.sk\/?s={search_term_string}"},"query-input":{"@type":"PropertyValueSpecification","valueRequired":true,"valueName":"search_term_string"}}],"inLanguage":"ca"},{"@type":"Organization","@id":"https:\/\/www.castillomiklas.sk\/#organization","name":"Daniela Castillo Mikla\u0161","url":"https:\/\/www.castillomiklas.sk\/","logo":{"@type":"ImageObject","inLanguage":"ca","@id":"https:\/\/www.castillomiklas.sk\/#\/schema\/logo\/image\/","url":"https:\/\/www.castillomiklas.sk\/wp-content\/uploads\/2025\/02\/Castillo-logo.svg","contentUrl":"https:\/\/www.castillomiklas.sk\/wp-content\/uploads\/2025\/02\/Castillo-logo.svg","width":140,"height":140,"caption":"Daniela Castillo Mikla\u0161"},"image":{"@id":"https:\/\/www.castillomiklas.sk\/#\/schema\/logo\/image\/"}}]}},"_links":{"self":[{"href":"https:\/\/www.castillomiklas.sk\/ca\/wp-json\/wp\/v2\/pages\/921","targetHints":{"allow":["GET"]}}],"collection":[{"href":"https:\/\/www.castillomiklas.sk\/ca\/wp-json\/wp\/v2\/pages"}],"about":[{"href":"https:\/\/www.castillomiklas.sk\/ca\/wp-json\/wp\/v2\/types\/page"}],"author":[{"embeddable":true,"href":"https:\/\/www.castillomiklas.sk\/ca\/wp-json\/wp\/v2\/users\/3"}],"replies":[{"embeddable":true,"href":"https:\/\/www.castillomiklas.sk\/ca\/wp-json\/wp\/v2\/comments?post=921"}],"version-history":[{"count":1,"href":"https:\/\/www.castillomiklas.sk\/ca\/wp-json\/wp\/v2\/pages\/921\/revisions"}],"predecessor-version":[{"id":922,"href":"https:\/\/www.castillomiklas.sk\/ca\/wp-json\/wp\/v2\/pages\/921\/revisions\/922"}],"wp:attachment":[{"href":"https:\/\/www.castillomiklas.sk\/ca\/wp-json\/wp\/v2\/media?parent=921"}],"curies":[{"name":"wp","href":"https:\/\/api.w.org\/{rel}","templated":true}]}}