{"id":956,"date":"2025-04-27T16:32:31","date_gmt":"2025-04-27T14:32:31","guid":{"rendered":"https:\/\/www.castillomiklas.sk\/traduccio\/"},"modified":"2025-05-27T13:13:35","modified_gmt":"2025-05-27T11:13:35","slug":"traduccio","status":"publish","type":"page","link":"https:\/\/www.castillomiklas.sk\/ca\/traduccio\/","title":{"rendered":"Traducci\u00f3"},"content":{"rendered":"\t\t<div data-elementor-type=\"wp-post\" data-elementor-id=\"956\" class=\"elementor elementor-956 elementor-582\" data-elementor-post-type=\"page\">\n\t\t\t\t\t\t<section class=\"elementor-section elementor-top-section elementor-element elementor-element-10f5261 elementor-section-boxed elementor-section-height-default elementor-section-height-default\" data-id=\"10f5261\" data-element_type=\"section\">\n\t\t\t\t\t\t<div class=\"elementor-container elementor-column-gap-default\">\n\t\t\t\t\t<div class=\"elementor-column elementor-col-100 elementor-top-column elementor-element elementor-element-c10ba6d\" data-id=\"c10ba6d\" data-element_type=\"column\">\n\t\t\t<div class=\"elementor-widget-wrap elementor-element-populated\">\n\t\t\t\t\t\t<div class=\"elementor-element elementor-element-2add124 elementor-widget elementor-widget-spacer\" data-id=\"2add124\" data-element_type=\"widget\" data-widget_type=\"spacer.default\">\n\t\t\t\t<div class=\"elementor-widget-container\">\n\t\t\t\t\t\t\t<div class=\"elementor-spacer\">\n\t\t\t<div class=\"elementor-spacer-inner\"><\/div>\n\t\t<\/div>\n\t\t\t\t\t\t<\/div>\n\t\t\t\t<\/div>\n\t\t\t\t\t<\/div>\n\t\t<\/div>\n\t\t\t\t\t<\/div>\n\t\t<\/section>\n\t\t\t\t<section class=\"elementor-section elementor-top-section elementor-element elementor-element-19f0c73 elementor-section-boxed elementor-section-height-default elementor-section-height-default\" data-id=\"19f0c73\" data-element_type=\"section\">\n\t\t\t\t\t\t<div class=\"elementor-container elementor-column-gap-default\">\n\t\t\t\t\t<div class=\"elementor-column elementor-col-50 elementor-top-column elementor-element elementor-element-31bb0a7\" data-id=\"31bb0a7\" data-element_type=\"column\">\n\t\t\t<div class=\"elementor-widget-wrap elementor-element-populated\">\n\t\t\t\t\t\t<div class=\"elementor-element elementor-element-3914917 elementor-widget__width-inherit elementor-widget elementor-widget-heading\" data-id=\"3914917\" data-element_type=\"widget\" data-widget_type=\"heading.default\">\n\t\t\t\t<div class=\"elementor-widget-container\">\n\t\t\t\t\t<h1 class=\"elementor-heading-title elementor-size-default\">Traduccions<\/h1>\t\t\t\t<\/div>\n\t\t\t\t<\/div>\n\t\t\t\t<div class=\"elementor-element elementor-element-1a8e594 elementor-widget elementor-widget-text-editor\" data-id=\"1a8e594\" data-element_type=\"widget\" data-widget_type=\"text-editor.default\">\n\t\t\t\t<div class=\"elementor-widget-container\">\n\t\t\t\t\t\t\t\t\t<p>Em especialitzo en la traducci\u00f3 de textos t\u00e8cnics i de m\u00e0rqueting de l&#8217;angl\u00e8s i <b>l&#8217;espanyol al eslovac, o de l&#8217;angl\u00e8s a l&#8217;espanyol.<\/b> <\/p><p>Les meves principals \u00e0rees de traducci\u00f3 inclouen moda, cosm\u00e8tica, suplements diet\u00e8tics, aerol\u00ednies, contractes i altres documents legals, TI i tecnologia, telecomunicacions, entre d&#8217;altres. Treballo amb diverses eines de traducci\u00f3 com MemoQ, Trados, OmegaT, Phrase (abans Memsource) i XTM. Si necessiteu una traducci\u00f3 en una altra eina, tamb\u00e9 estic oberta a aquesta opci\u00f3. <\/p>\t\t\t\t\t\t\t\t<\/div>\n\t\t\t\t<\/div>\n\t\t\t\t<div class=\"elementor-element elementor-element-7ccf9d8 elementor-widget__width-inherit elementor-widget elementor-widget-heading\" data-id=\"7ccf9d8\" data-element_type=\"widget\" data-widget_type=\"heading.default\">\n\t\t\t\t<div class=\"elementor-widget-container\">\n\t\t\t\t\t<h2 class=\"elementor-heading-title elementor-size-default\">Principals \u00e0rees de traducci\u00f3<\/h2>\t\t\t\t<\/div>\n\t\t\t\t<\/div>\n\t\t\t\t<div class=\"elementor-element elementor-element-3156faa elementor-widget__width-auto elementor-icon-list--layout-traditional elementor-list-item-link-full_width elementor-widget elementor-widget-icon-list\" data-id=\"3156faa\" data-element_type=\"widget\" data-widget_type=\"icon-list.default\">\n\t\t\t\t<div class=\"elementor-widget-container\">\n\t\t\t\t\t\t\t<ul class=\"elementor-icon-list-items\">\n\t\t\t\t\t\t\t<li class=\"elementor-icon-list-item\">\n\t\t\t\t\t\t\t\t\t\t\t<span class=\"elementor-icon-list-icon\">\n\t\t\t\t\t\t\t<i aria-hidden=\"true\" class=\"fas fa-dot-circle\"><\/i>\t\t\t\t\t\t<\/span>\n\t\t\t\t\t\t\t\t\t\t<span class=\"elementor-icon-list-text\">Moda<\/span>\n\t\t\t\t\t\t\t\t\t<\/li>\n\t\t\t\t\t\t<\/ul>\n\t\t\t\t\t\t<\/div>\n\t\t\t\t<\/div>\n\t\t\t\t<div class=\"elementor-element elementor-element-563b583 elementor-widget__width-auto elementor-icon-list--layout-traditional elementor-list-item-link-full_width elementor-widget elementor-widget-icon-list\" data-id=\"563b583\" data-element_type=\"widget\" data-widget_type=\"icon-list.default\">\n\t\t\t\t<div class=\"elementor-widget-container\">\n\t\t\t\t\t\t\t<ul class=\"elementor-icon-list-items\">\n\t\t\t\t\t\t\t<li class=\"elementor-icon-list-item\">\n\t\t\t\t\t\t\t\t\t\t\t<span class=\"elementor-icon-list-icon\">\n\t\t\t\t\t\t\t<i aria-hidden=\"true\" class=\"fas fa-dot-circle\"><\/i>\t\t\t\t\t\t<\/span>\n\t\t\t\t\t\t\t\t\t\t<span class=\"elementor-icon-list-text\">Cosm\u00e8tics<\/span>\n\t\t\t\t\t\t\t\t\t<\/li>\n\t\t\t\t\t\t<\/ul>\n\t\t\t\t\t\t<\/div>\n\t\t\t\t<\/div>\n\t\t\t\t<div class=\"elementor-element elementor-element-cb4f562 elementor-widget__width-auto elementor-icon-list--layout-traditional elementor-list-item-link-full_width elementor-widget elementor-widget-icon-list\" data-id=\"cb4f562\" data-element_type=\"widget\" data-widget_type=\"icon-list.default\">\n\t\t\t\t<div class=\"elementor-widget-container\">\n\t\t\t\t\t\t\t<ul class=\"elementor-icon-list-items\">\n\t\t\t\t\t\t\t<li class=\"elementor-icon-list-item\">\n\t\t\t\t\t\t\t\t\t\t\t<span class=\"elementor-icon-list-icon\">\n\t\t\t\t\t\t\t<i aria-hidden=\"true\" class=\"fas fa-dot-circle\"><\/i>\t\t\t\t\t\t<\/span>\n\t\t\t\t\t\t\t\t\t\t<span class=\"elementor-icon-list-text\">Suplements nutricionals<\/span>\n\t\t\t\t\t\t\t\t\t<\/li>\n\t\t\t\t\t\t<\/ul>\n\t\t\t\t\t\t<\/div>\n\t\t\t\t<\/div>\n\t\t\t\t<div class=\"elementor-element elementor-element-3ea9fa6 elementor-widget__width-auto elementor-icon-list--layout-traditional elementor-list-item-link-full_width elementor-widget elementor-widget-icon-list\" data-id=\"3ea9fa6\" data-element_type=\"widget\" data-widget_type=\"icon-list.default\">\n\t\t\t\t<div class=\"elementor-widget-container\">\n\t\t\t\t\t\t\t<ul class=\"elementor-icon-list-items\">\n\t\t\t\t\t\t\t<li class=\"elementor-icon-list-item\">\n\t\t\t\t\t\t\t\t\t\t\t<span class=\"elementor-icon-list-icon\">\n\t\t\t\t\t\t\t<i aria-hidden=\"true\" class=\"fas fa-dot-circle\"><\/i>\t\t\t\t\t\t<\/span>\n\t\t\t\t\t\t\t\t\t\t<span class=\"elementor-icon-list-text\">Aerol\u00ednies<\/span>\n\t\t\t\t\t\t\t\t\t<\/li>\n\t\t\t\t\t\t<\/ul>\n\t\t\t\t\t\t<\/div>\n\t\t\t\t<\/div>\n\t\t\t\t<div class=\"elementor-element elementor-element-189e2a6 elementor-widget__width-auto elementor-icon-list--layout-traditional elementor-list-item-link-full_width elementor-widget elementor-widget-icon-list\" data-id=\"189e2a6\" data-element_type=\"widget\" data-widget_type=\"icon-list.default\">\n\t\t\t\t<div class=\"elementor-widget-container\">\n\t\t\t\t\t\t\t<ul class=\"elementor-icon-list-items\">\n\t\t\t\t\t\t\t<li class=\"elementor-icon-list-item\">\n\t\t\t\t\t\t\t\t\t\t\t<span class=\"elementor-icon-list-icon\">\n\t\t\t\t\t\t\t<i aria-hidden=\"true\" class=\"fas fa-dot-circle\"><\/i>\t\t\t\t\t\t<\/span>\n\t\t\t\t\t\t\t\t\t\t<span class=\"elementor-icon-list-text\">Contractes i altres documents legals<\/span>\n\t\t\t\t\t\t\t\t\t<\/li>\n\t\t\t\t\t\t<\/ul>\n\t\t\t\t\t\t<\/div>\n\t\t\t\t<\/div>\n\t\t\t\t<div class=\"elementor-element elementor-element-d9567e9 elementor-widget__width-auto elementor-icon-list--layout-traditional elementor-list-item-link-full_width elementor-widget elementor-widget-icon-list\" data-id=\"d9567e9\" data-element_type=\"widget\" data-widget_type=\"icon-list.default\">\n\t\t\t\t<div class=\"elementor-widget-container\">\n\t\t\t\t\t\t\t<ul class=\"elementor-icon-list-items\">\n\t\t\t\t\t\t\t<li class=\"elementor-icon-list-item\">\n\t\t\t\t\t\t\t\t\t\t\t<span class=\"elementor-icon-list-icon\">\n\t\t\t\t\t\t\t<i aria-hidden=\"true\" class=\"fas fa-dot-circle\"><\/i>\t\t\t\t\t\t<\/span>\n\t\t\t\t\t\t\t\t\t\t<span class=\"elementor-icon-list-text\">TI i tecnologia<\/span>\n\t\t\t\t\t\t\t\t\t<\/li>\n\t\t\t\t\t\t<\/ul>\n\t\t\t\t\t\t<\/div>\n\t\t\t\t<\/div>\n\t\t\t\t\t<\/div>\n\t\t<\/div>\n\t\t\t\t<div class=\"elementor-column elementor-col-50 elementor-top-column elementor-element elementor-element-2871a74\" data-id=\"2871a74\" data-element_type=\"column\">\n\t\t\t<div class=\"elementor-widget-wrap elementor-element-populated\">\n\t\t\t\t\t\t<div class=\"elementor-element elementor-element-d8c1697 elementor-widget elementor-widget-image\" data-id=\"d8c1697\" data-element_type=\"widget\" data-widget_type=\"image.default\">\n\t\t\t\t<div class=\"elementor-widget-container\">\n\t\t\t\t\t\t\t\t\t\t\t\t\t\t\t<img fetchpriority=\"high\" decoding=\"async\" width=\"628\" height=\"537\" src=\"https:\/\/www.castillomiklas.sk\/wp-content\/uploads\/2025\/04\/Preklad.png\" class=\"attachment-full size-full wp-image-841\" alt=\"\" srcset=\"https:\/\/www.castillomiklas.sk\/wp-content\/uploads\/2025\/04\/Preklad.png 628w, https:\/\/www.castillomiklas.sk\/wp-content\/uploads\/2025\/04\/Preklad-300x257.png 300w\" sizes=\"(max-width: 628px) 100vw, 628px\" \/>\t\t\t\t\t\t\t\t\t\t\t\t\t\t\t<\/div>\n\t\t\t\t<\/div>\n\t\t\t\t\t<\/div>\n\t\t<\/div>\n\t\t\t\t\t<\/div>\n\t\t<\/section>\n\t\t\t\t<section class=\"elementor-section elementor-top-section elementor-element elementor-element-8e52d8a elementor-section-boxed elementor-section-height-default elementor-section-height-default\" data-id=\"8e52d8a\" data-element_type=\"section\">\n\t\t\t\t\t\t<div class=\"elementor-container elementor-column-gap-default\">\n\t\t\t\t\t<div class=\"elementor-column elementor-col-100 elementor-top-column elementor-element elementor-element-7c3c868\" data-id=\"7c3c868\" data-element_type=\"column\">\n\t\t\t<div class=\"elementor-widget-wrap elementor-element-populated\">\n\t\t\t\t\t\t<div class=\"elementor-element elementor-element-6d02b8c6 elementor-widget elementor-widget-text-editor\" data-id=\"6d02b8c6\" data-element_type=\"widget\" data-widget_type=\"text-editor.default\">\n\t\t\t\t<div class=\"elementor-widget-container\">\n\t\t\t\t\t\t\t\t\t<p>Con el fin de desarrollar mis habilidades de traducci\u00f3n y mantenerme al d\u00eda con las \u00faltimas tendencias, participo regularmente en talleres y conferencias tanto nacionales como internacionales. <br><br>Adem\u00e1s de los servicios de traducci\u00f3n, tambi\u00e9n ofrezco correcci\u00f3n de traducciones y control de calidad.<br>Los precios de los servicios ofrecidos var\u00edan seg\u00fan la combinaci\u00f3n de idiomas, el tipo de traducci\u00f3n y el tiempo de entrega. No duden en contactarme y elaborar\u00e9 una oferta personalizada para ustedes. No dubtis a contactar-me i et preparar\u00e9 una oferta a mida!<\/p>\t\t\t\t\t\t\t\t<\/div>\n\t\t\t\t<\/div>\n\t\t\t\t<div class=\"elementor-element elementor-element-a9493cb elementor-widget elementor-widget-spacer\" data-id=\"a9493cb\" data-element_type=\"widget\" data-widget_type=\"spacer.default\">\n\t\t\t\t<div class=\"elementor-widget-container\">\n\t\t\t\t\t\t\t<div class=\"elementor-spacer\">\n\t\t\t<div class=\"elementor-spacer-inner\"><\/div>\n\t\t<\/div>\n\t\t\t\t\t\t<\/div>\n\t\t\t\t<\/div>\n\t\t\t\t\t<\/div>\n\t\t<\/div>\n\t\t\t\t\t<\/div>\n\t\t<\/section>\n\t\t\t\t<\/div>\n\t\t","protected":false},"excerpt":{"rendered":"<p>Traduccions Em especialitzo en la traducci\u00f3 de textos t\u00e8cnics i de m\u00e0rqueting de l&#8217;angl\u00e8s i l&#8217;espanyol al eslovac, o de l&#8217;angl\u00e8s a l&#8217;espanyol. Les meves principals \u00e0rees de traducci\u00f3 inclouen moda, cosm\u00e8tica, suplements diet\u00e8tics, aerol\u00ednies, contractes i altres documents legals, TI i tecnologia, telecomunicacions, entre d&#8217;altres. Treballo amb diverses eines de traducci\u00f3 com MemoQ, Trados, [&hellip;]<\/p>\n","protected":false},"author":3,"featured_media":0,"parent":0,"menu_order":0,"comment_status":"closed","ping_status":"closed","template":"elementor_header_footer","meta":{"footnotes":""},"class_list":["post-956","page","type-page","status-publish","hentry"],"yoast_head":"<!-- This site is optimized with the Yoast SEO plugin v25.8 - https:\/\/yoast.com\/wordpress\/plugins\/seo\/ -->\n<title>Traducci\u00f3 - Daniela Castillo Mikla\u0161<\/title>\n<meta name=\"robots\" content=\"index, follow, max-snippet:-1, max-image-preview:large, max-video-preview:-1\" \/>\n<link rel=\"canonical\" href=\"https:\/\/www.castillomiklas.sk\/preklad\/\" \/>\n<meta property=\"og:locale\" content=\"ca_ES\" \/>\n<meta property=\"og:type\" content=\"article\" \/>\n<meta property=\"og:title\" content=\"Traducci\u00f3 - Daniela Castillo Mikla\u0161\" \/>\n<meta property=\"og:description\" content=\"Traduccions Em especialitzo en la traducci\u00f3 de textos t\u00e8cnics i de m\u00e0rqueting de l&#8217;angl\u00e8s i l&#8217;espanyol al eslovac, o de l&#8217;angl\u00e8s a l&#8217;espanyol. Les meves principals \u00e0rees de traducci\u00f3 inclouen moda, cosm\u00e8tica, suplements diet\u00e8tics, aerol\u00ednies, contractes i altres documents legals, TI i tecnologia, telecomunicacions, entre d&#8217;altres. Treballo amb diverses eines de traducci\u00f3 com MemoQ, Trados, [&hellip;]\" \/>\n<meta property=\"og:url\" content=\"https:\/\/www.castillomiklas.sk\/preklad\/\" \/>\n<meta property=\"og:site_name\" content=\"Daniela Castillo Mikla\u0161\" \/>\n<meta property=\"article:modified_time\" content=\"2025-05-27T11:13:35+00:00\" \/>\n<meta property=\"og:image\" content=\"https:\/\/www.castillomiklas.sk\/wp-content\/uploads\/2025\/04\/Preklad.png\" \/>\n\t<meta property=\"og:image:width\" content=\"628\" \/>\n\t<meta property=\"og:image:height\" content=\"537\" \/>\n\t<meta property=\"og:image:type\" content=\"image\/png\" \/>\n<meta name=\"twitter:card\" content=\"summary_large_image\" \/>\n<script type=\"application\/ld+json\" class=\"yoast-schema-graph\">{\"@context\":\"https:\/\/schema.org\",\"@graph\":[{\"@type\":\"WebPage\",\"@id\":\"https:\/\/www.castillomiklas.sk\/preklad\/\",\"url\":\"https:\/\/www.castillomiklas.sk\/preklad\/\",\"name\":\"Traducci\u00f3 - Daniela Castillo Mikla\u0161\",\"isPartOf\":{\"@id\":\"https:\/\/www.castillomiklas.sk\/#website\"},\"primaryImageOfPage\":{\"@id\":\"https:\/\/www.castillomiklas.sk\/preklad\/#primaryimage\"},\"image\":{\"@id\":\"https:\/\/www.castillomiklas.sk\/preklad\/#primaryimage\"},\"thumbnailUrl\":\"https:\/\/www.castillomiklas.sk\/wp-content\/uploads\/2025\/04\/Preklad.png\",\"datePublished\":\"2025-04-27T14:32:31+00:00\",\"dateModified\":\"2025-05-27T11:13:35+00:00\",\"breadcrumb\":{\"@id\":\"https:\/\/www.castillomiklas.sk\/preklad\/#breadcrumb\"},\"inLanguage\":\"ca\",\"potentialAction\":[{\"@type\":\"ReadAction\",\"target\":[\"https:\/\/www.castillomiklas.sk\/preklad\/\"]}]},{\"@type\":\"ImageObject\",\"inLanguage\":\"ca\",\"@id\":\"https:\/\/www.castillomiklas.sk\/preklad\/#primaryimage\",\"url\":\"https:\/\/www.castillomiklas.sk\/wp-content\/uploads\/2025\/04\/Preklad.png\",\"contentUrl\":\"https:\/\/www.castillomiklas.sk\/wp-content\/uploads\/2025\/04\/Preklad.png\"},{\"@type\":\"BreadcrumbList\",\"@id\":\"https:\/\/www.castillomiklas.sk\/preklad\/#breadcrumb\",\"itemListElement\":[{\"@type\":\"ListItem\",\"position\":1,\"name\":\"Home\",\"item\":\"https:\/\/www.castillomiklas.sk\/\"},{\"@type\":\"ListItem\",\"position\":2,\"name\":\"Traducci\u00f3\"}]},{\"@type\":\"WebSite\",\"@id\":\"https:\/\/www.castillomiklas.sk\/#website\",\"url\":\"https:\/\/www.castillomiklas.sk\/\",\"name\":\"Daniela Castillo Mikla\u0161\",\"description\":\"\",\"publisher\":{\"@id\":\"https:\/\/www.castillomiklas.sk\/#organization\"},\"potentialAction\":[{\"@type\":\"SearchAction\",\"target\":{\"@type\":\"EntryPoint\",\"urlTemplate\":\"https:\/\/www.castillomiklas.sk\/?s={search_term_string}\"},\"query-input\":{\"@type\":\"PropertyValueSpecification\",\"valueRequired\":true,\"valueName\":\"search_term_string\"}}],\"inLanguage\":\"ca\"},{\"@type\":\"Organization\",\"@id\":\"https:\/\/www.castillomiklas.sk\/#organization\",\"name\":\"Daniela Castillo Mikla\u0161\",\"url\":\"https:\/\/www.castillomiklas.sk\/\",\"logo\":{\"@type\":\"ImageObject\",\"inLanguage\":\"ca\",\"@id\":\"https:\/\/www.castillomiklas.sk\/#\/schema\/logo\/image\/\",\"url\":\"https:\/\/www.castillomiklas.sk\/wp-content\/uploads\/2025\/02\/Castillo-logo.svg\",\"contentUrl\":\"https:\/\/www.castillomiklas.sk\/wp-content\/uploads\/2025\/02\/Castillo-logo.svg\",\"width\":140,\"height\":140,\"caption\":\"Daniela Castillo Mikla\u0161\"},\"image\":{\"@id\":\"https:\/\/www.castillomiklas.sk\/#\/schema\/logo\/image\/\"}}]}<\/script>\n<!-- \/ Yoast SEO plugin. -->","yoast_head_json":{"title":"Traducci\u00f3 - Daniela Castillo Mikla\u0161","robots":{"index":"index","follow":"follow","max-snippet":"max-snippet:-1","max-image-preview":"max-image-preview:large","max-video-preview":"max-video-preview:-1"},"canonical":"https:\/\/www.castillomiklas.sk\/preklad\/","og_locale":"ca_ES","og_type":"article","og_title":"Traducci\u00f3 - Daniela Castillo Mikla\u0161","og_description":"Traduccions Em especialitzo en la traducci\u00f3 de textos t\u00e8cnics i de m\u00e0rqueting de l&#8217;angl\u00e8s i l&#8217;espanyol al eslovac, o de l&#8217;angl\u00e8s a l&#8217;espanyol. Les meves principals \u00e0rees de traducci\u00f3 inclouen moda, cosm\u00e8tica, suplements diet\u00e8tics, aerol\u00ednies, contractes i altres documents legals, TI i tecnologia, telecomunicacions, entre d&#8217;altres. Treballo amb diverses eines de traducci\u00f3 com MemoQ, Trados, [&hellip;]","og_url":"https:\/\/www.castillomiklas.sk\/preklad\/","og_site_name":"Daniela Castillo Mikla\u0161","article_modified_time":"2025-05-27T11:13:35+00:00","og_image":[{"width":628,"height":537,"url":"https:\/\/www.castillomiklas.sk\/wp-content\/uploads\/2025\/04\/Preklad.png","type":"image\/png"}],"twitter_card":"summary_large_image","schema":{"@context":"https:\/\/schema.org","@graph":[{"@type":"WebPage","@id":"https:\/\/www.castillomiklas.sk\/preklad\/","url":"https:\/\/www.castillomiklas.sk\/preklad\/","name":"Traducci\u00f3 - Daniela Castillo Mikla\u0161","isPartOf":{"@id":"https:\/\/www.castillomiklas.sk\/#website"},"primaryImageOfPage":{"@id":"https:\/\/www.castillomiklas.sk\/preklad\/#primaryimage"},"image":{"@id":"https:\/\/www.castillomiklas.sk\/preklad\/#primaryimage"},"thumbnailUrl":"https:\/\/www.castillomiklas.sk\/wp-content\/uploads\/2025\/04\/Preklad.png","datePublished":"2025-04-27T14:32:31+00:00","dateModified":"2025-05-27T11:13:35+00:00","breadcrumb":{"@id":"https:\/\/www.castillomiklas.sk\/preklad\/#breadcrumb"},"inLanguage":"ca","potentialAction":[{"@type":"ReadAction","target":["https:\/\/www.castillomiklas.sk\/preklad\/"]}]},{"@type":"ImageObject","inLanguage":"ca","@id":"https:\/\/www.castillomiklas.sk\/preklad\/#primaryimage","url":"https:\/\/www.castillomiklas.sk\/wp-content\/uploads\/2025\/04\/Preklad.png","contentUrl":"https:\/\/www.castillomiklas.sk\/wp-content\/uploads\/2025\/04\/Preklad.png"},{"@type":"BreadcrumbList","@id":"https:\/\/www.castillomiklas.sk\/preklad\/#breadcrumb","itemListElement":[{"@type":"ListItem","position":1,"name":"Home","item":"https:\/\/www.castillomiklas.sk\/"},{"@type":"ListItem","position":2,"name":"Traducci\u00f3"}]},{"@type":"WebSite","@id":"https:\/\/www.castillomiklas.sk\/#website","url":"https:\/\/www.castillomiklas.sk\/","name":"Daniela Castillo Mikla\u0161","description":"","publisher":{"@id":"https:\/\/www.castillomiklas.sk\/#organization"},"potentialAction":[{"@type":"SearchAction","target":{"@type":"EntryPoint","urlTemplate":"https:\/\/www.castillomiklas.sk\/?s={search_term_string}"},"query-input":{"@type":"PropertyValueSpecification","valueRequired":true,"valueName":"search_term_string"}}],"inLanguage":"ca"},{"@type":"Organization","@id":"https:\/\/www.castillomiklas.sk\/#organization","name":"Daniela Castillo Mikla\u0161","url":"https:\/\/www.castillomiklas.sk\/","logo":{"@type":"ImageObject","inLanguage":"ca","@id":"https:\/\/www.castillomiklas.sk\/#\/schema\/logo\/image\/","url":"https:\/\/www.castillomiklas.sk\/wp-content\/uploads\/2025\/02\/Castillo-logo.svg","contentUrl":"https:\/\/www.castillomiklas.sk\/wp-content\/uploads\/2025\/02\/Castillo-logo.svg","width":140,"height":140,"caption":"Daniela Castillo Mikla\u0161"},"image":{"@id":"https:\/\/www.castillomiklas.sk\/#\/schema\/logo\/image\/"}}]}},"_links":{"self":[{"href":"https:\/\/www.castillomiklas.sk\/ca\/wp-json\/wp\/v2\/pages\/956","targetHints":{"allow":["GET"]}}],"collection":[{"href":"https:\/\/www.castillomiklas.sk\/ca\/wp-json\/wp\/v2\/pages"}],"about":[{"href":"https:\/\/www.castillomiklas.sk\/ca\/wp-json\/wp\/v2\/types\/page"}],"author":[{"embeddable":true,"href":"https:\/\/www.castillomiklas.sk\/ca\/wp-json\/wp\/v2\/users\/3"}],"replies":[{"embeddable":true,"href":"https:\/\/www.castillomiklas.sk\/ca\/wp-json\/wp\/v2\/comments?post=956"}],"version-history":[{"count":6,"href":"https:\/\/www.castillomiklas.sk\/ca\/wp-json\/wp\/v2\/pages\/956\/revisions"}],"predecessor-version":[{"id":1332,"href":"https:\/\/www.castillomiklas.sk\/ca\/wp-json\/wp\/v2\/pages\/956\/revisions\/1332"}],"wp:attachment":[{"href":"https:\/\/www.castillomiklas.sk\/ca\/wp-json\/wp\/v2\/media?parent=956"}],"curies":[{"name":"wp","href":"https:\/\/api.w.org\/{rel}","templated":true}]}}