{"id":980,"date":"2025-04-27T17:40:26","date_gmt":"2025-04-27T15:40:26","guid":{"rendered":"https:\/\/www.castillomiklas.sk\/interpretacio\/"},"modified":"2025-05-21T09:30:26","modified_gmt":"2025-05-21T07:30:26","slug":"interpretacio","status":"publish","type":"page","link":"https:\/\/www.castillomiklas.sk\/ca\/interpretacio\/","title":{"rendered":"Interpretaci\u00f3"},"content":{"rendered":"\t\t<div data-elementor-type=\"wp-post\" data-elementor-id=\"980\" class=\"elementor elementor-980 elementor-638\" data-elementor-post-type=\"page\">\n\t\t\t\t\t\t<section class=\"elementor-section elementor-top-section elementor-element elementor-element-10f5261 elementor-section-boxed elementor-section-height-default elementor-section-height-default\" data-id=\"10f5261\" data-element_type=\"section\">\n\t\t\t\t\t\t<div class=\"elementor-container elementor-column-gap-default\">\n\t\t\t\t\t<div class=\"elementor-column elementor-col-100 elementor-top-column elementor-element elementor-element-c10ba6d\" data-id=\"c10ba6d\" data-element_type=\"column\">\n\t\t\t<div class=\"elementor-widget-wrap elementor-element-populated\">\n\t\t\t\t\t\t<div class=\"elementor-element elementor-element-2add124 elementor-widget elementor-widget-spacer\" data-id=\"2add124\" data-element_type=\"widget\" data-widget_type=\"spacer.default\">\n\t\t\t\t<div class=\"elementor-widget-container\">\n\t\t\t\t\t\t\t<div class=\"elementor-spacer\">\n\t\t\t<div class=\"elementor-spacer-inner\"><\/div>\n\t\t<\/div>\n\t\t\t\t\t\t<\/div>\n\t\t\t\t<\/div>\n\t\t\t\t\t<\/div>\n\t\t<\/div>\n\t\t\t\t\t<\/div>\n\t\t<\/section>\n\t\t\t\t<section class=\"elementor-section elementor-top-section elementor-element elementor-element-19f0c73 elementor-section-boxed elementor-section-height-default elementor-section-height-default\" data-id=\"19f0c73\" data-element_type=\"section\">\n\t\t\t\t\t\t<div class=\"elementor-container elementor-column-gap-default\">\n\t\t\t\t\t<div class=\"elementor-column elementor-col-50 elementor-top-column elementor-element elementor-element-31bb0a7\" data-id=\"31bb0a7\" data-element_type=\"column\">\n\t\t\t<div class=\"elementor-widget-wrap elementor-element-populated\">\n\t\t\t\t\t\t<div class=\"elementor-element elementor-element-3914917 elementor-widget__width-inherit elementor-widget elementor-widget-heading\" data-id=\"3914917\" data-element_type=\"widget\" data-widget_type=\"heading.default\">\n\t\t\t\t<div class=\"elementor-widget-container\">\n\t\t\t\t\t<h1 class=\"elementor-heading-title elementor-size-default\">Interpretaci\u00f3<\/h1>\t\t\t\t<\/div>\n\t\t\t\t<\/div>\n\t\t\t\t<div class=\"elementor-element elementor-element-8bcfe18 elementor-widget elementor-widget-text-editor\" data-id=\"8bcfe18\" data-element_type=\"widget\" data-widget_type=\"text-editor.default\">\n\t\t\t\t<div class=\"elementor-widget-container\">\n\t\t\t\t\t\t\t\t\t<p>La interpretaci\u00f3 \u00e9s el proc\u00e9s de convertir el discurs d\u2019un idioma a un altre en temps real.<\/p><p>\u00c9s essencial en confer\u00e8ncies, reunions de negocis, esdeveniments legals i p\u00fablics, ja que permet la comunicaci\u00f3 entre persones que parlen diferents idiomes.<\/p><p>Un int\u00e8rpret professional ha de tenir no nom\u00e9s un domini excel\u00b7lent dels idiomes, sin\u00f3 tamb\u00e9 la capacitat de transmetre la informaci\u00f3 de manera r\u00e0pida i precisa, mantenint el significat original i el to del discurs.<\/p>\t\t\t\t\t\t\t\t<\/div>\n\t\t\t\t<\/div>\n\t\t\t\t<div class=\"elementor-element elementor-element-7ccf9d8 elementor-widget__width-inherit elementor-widget elementor-widget-heading\" data-id=\"7ccf9d8\" data-element_type=\"widget\" data-widget_type=\"heading.default\">\n\t\t\t\t<div class=\"elementor-widget-container\">\n\t\t\t\t\t<h2 class=\"elementor-heading-title elementor-size-default\">Principals \u00e0rees d'interpretaci\u00f3<\/h2>\t\t\t\t<\/div>\n\t\t\t\t<\/div>\n\t\t\t\t<div class=\"elementor-element elementor-element-3156faa elementor-widget__width-auto elementor-icon-list--layout-traditional elementor-list-item-link-full_width elementor-widget elementor-widget-icon-list\" data-id=\"3156faa\" data-element_type=\"widget\" data-widget_type=\"icon-list.default\">\n\t\t\t\t<div class=\"elementor-widget-container\">\n\t\t\t\t\t\t\t<ul class=\"elementor-icon-list-items\">\n\t\t\t\t\t\t\t<li class=\"elementor-icon-list-item\">\n\t\t\t\t\t\t\t\t\t\t\t<span class=\"elementor-icon-list-icon\">\n\t\t\t\t\t\t\t<i aria-hidden=\"true\" class=\"fas fa-dot-circle\"><\/i>\t\t\t\t\t\t<\/span>\n\t\t\t\t\t\t\t\t\t\t<span class=\"elementor-icon-list-text\">Simult\u00e0niament<\/span>\n\t\t\t\t\t\t\t\t\t<\/li>\n\t\t\t\t\t\t<\/ul>\n\t\t\t\t\t\t<\/div>\n\t\t\t\t<\/div>\n\t\t\t\t<div class=\"elementor-element elementor-element-563b583 elementor-widget__width-auto elementor-icon-list--layout-traditional elementor-list-item-link-full_width elementor-widget elementor-widget-icon-list\" data-id=\"563b583\" data-element_type=\"widget\" data-widget_type=\"icon-list.default\">\n\t\t\t\t<div class=\"elementor-widget-container\">\n\t\t\t\t\t\t\t<ul class=\"elementor-icon-list-items\">\n\t\t\t\t\t\t\t<li class=\"elementor-icon-list-item\">\n\t\t\t\t\t\t\t\t\t\t\t<span class=\"elementor-icon-list-icon\">\n\t\t\t\t\t\t\t<i aria-hidden=\"true\" class=\"fas fa-dot-circle\"><\/i>\t\t\t\t\t\t<\/span>\n\t\t\t\t\t\t\t\t\t\t<span class=\"elementor-icon-list-text\">Consecutius<\/span>\n\t\t\t\t\t\t\t\t\t<\/li>\n\t\t\t\t\t\t<\/ul>\n\t\t\t\t\t\t<\/div>\n\t\t\t\t<\/div>\n\t\t\t\t<div class=\"elementor-element elementor-element-cb4f562 elementor-widget__width-auto elementor-icon-list--layout-traditional elementor-list-item-link-full_width elementor-widget elementor-widget-icon-list\" data-id=\"cb4f562\" data-element_type=\"widget\" data-widget_type=\"icon-list.default\">\n\t\t\t\t<div class=\"elementor-widget-container\">\n\t\t\t\t\t\t\t<ul class=\"elementor-icon-list-items\">\n\t\t\t\t\t\t\t<li class=\"elementor-icon-list-item\">\n\t\t\t\t\t\t\t\t\t\t\t<span class=\"elementor-icon-list-icon\">\n\t\t\t\t\t\t\t<i aria-hidden=\"true\" class=\"fas fa-dot-circle\"><\/i>\t\t\t\t\t\t<\/span>\n\t\t\t\t\t\t\t\t\t\t<span class=\"elementor-icon-list-text\">Per a empreses<\/span>\n\t\t\t\t\t\t\t\t\t<\/li>\n\t\t\t\t\t\t<\/ul>\n\t\t\t\t\t\t<\/div>\n\t\t\t\t<\/div>\n\t\t\t\t<div class=\"elementor-element elementor-element-3ea9fa6 elementor-widget__width-auto elementor-icon-list--layout-traditional elementor-list-item-link-full_width elementor-widget elementor-widget-icon-list\" data-id=\"3ea9fa6\" data-element_type=\"widget\" data-widget_type=\"icon-list.default\">\n\t\t\t\t<div class=\"elementor-widget-container\">\n\t\t\t\t\t\t\t<ul class=\"elementor-icon-list-items\">\n\t\t\t\t\t\t\t<li class=\"elementor-icon-list-item\">\n\t\t\t\t\t\t\t\t\t\t\t<span class=\"elementor-icon-list-icon\">\n\t\t\t\t\t\t\t<i aria-hidden=\"true\" class=\"fas fa-dot-circle\"><\/i>\t\t\t\t\t\t<\/span>\n\t\t\t\t\t\t\t\t\t\t<span class=\"elementor-icon-list-text\">Esdeveniments legals<\/span>\n\t\t\t\t\t\t\t\t\t<\/li>\n\t\t\t\t\t\t<\/ul>\n\t\t\t\t\t\t<\/div>\n\t\t\t\t<\/div>\n\t\t\t\t<div class=\"elementor-element elementor-element-189e2a6 elementor-widget__width-auto elementor-icon-list--layout-traditional elementor-list-item-link-full_width elementor-widget elementor-widget-icon-list\" data-id=\"189e2a6\" data-element_type=\"widget\" data-widget_type=\"icon-list.default\">\n\t\t\t\t<div class=\"elementor-widget-container\">\n\t\t\t\t\t\t\t<ul class=\"elementor-icon-list-items\">\n\t\t\t\t\t\t\t<li class=\"elementor-icon-list-item\">\n\t\t\t\t\t\t\t\t\t\t\t<span class=\"elementor-icon-list-icon\">\n\t\t\t\t\t\t\t<i aria-hidden=\"true\" class=\"fas fa-dot-circle\"><\/i>\t\t\t\t\t\t<\/span>\n\t\t\t\t\t\t\t\t\t\t<span class=\"elementor-icon-list-text\">Esdeveniments p\u00fablics<\/span>\n\t\t\t\t\t\t\t\t\t<\/li>\n\t\t\t\t\t\t<\/ul>\n\t\t\t\t\t\t<\/div>\n\t\t\t\t<\/div>\n\t\t\t\t<div class=\"elementor-element elementor-element-96abd73 elementor-widget__width-auto elementor-icon-list--layout-traditional elementor-list-item-link-full_width elementor-widget elementor-widget-icon-list\" data-id=\"96abd73\" data-element_type=\"widget\" data-widget_type=\"icon-list.default\">\n\t\t\t\t<div class=\"elementor-widget-container\">\n\t\t\t\t\t\t\t<ul class=\"elementor-icon-list-items\">\n\t\t\t\t\t\t\t<li class=\"elementor-icon-list-item\">\n\t\t\t\t\t\t\t\t\t\t\t<span class=\"elementor-icon-list-icon\">\n\t\t\t\t\t\t\t<i aria-hidden=\"true\" class=\"fas fa-dot-circle\"><\/i>\t\t\t\t\t\t<\/span>\n\t\t\t\t\t\t\t\t\t\t<span class=\"elementor-icon-list-text\">Per tel\u00e8fon<\/span>\n\t\t\t\t\t\t\t\t\t<\/li>\n\t\t\t\t\t\t<\/ul>\n\t\t\t\t\t\t<\/div>\n\t\t\t\t<\/div>\n\t\t\t\t\t<\/div>\n\t\t<\/div>\n\t\t\t\t<div class=\"elementor-column elementor-col-50 elementor-top-column elementor-element elementor-element-2871a74\" data-id=\"2871a74\" data-element_type=\"column\">\n\t\t\t<div class=\"elementor-widget-wrap elementor-element-populated\">\n\t\t\t\t\t\t<div class=\"elementor-element elementor-element-d8c1697 elementor-widget elementor-widget-image\" data-id=\"d8c1697\" data-element_type=\"widget\" data-widget_type=\"image.default\">\n\t\t\t\t<div class=\"elementor-widget-container\">\n\t\t\t\t\t\t\t\t\t\t\t\t\t\t\t<img fetchpriority=\"high\" decoding=\"async\" width=\"620\" height=\"537\" src=\"https:\/\/www.castillomiklas.sk\/wp-content\/uploads\/2025\/04\/Tlmocenie-obrazok.png\" class=\"attachment-full size-full wp-image-850\" alt=\"\" srcset=\"https:\/\/www.castillomiklas.sk\/wp-content\/uploads\/2025\/04\/Tlmocenie-obrazok.png 620w, https:\/\/www.castillomiklas.sk\/wp-content\/uploads\/2025\/04\/Tlmocenie-obrazok-300x260.png 300w\" sizes=\"(max-width: 620px) 100vw, 620px\" \/>\t\t\t\t\t\t\t\t\t\t\t\t\t\t\t<\/div>\n\t\t\t\t<\/div>\n\t\t\t\t\t<\/div>\n\t\t<\/div>\n\t\t\t\t\t<\/div>\n\t\t<\/section>\n\t\t\t\t<section class=\"elementor-section elementor-top-section elementor-element elementor-element-8e52d8a elementor-section-boxed elementor-section-height-default elementor-section-height-default\" data-id=\"8e52d8a\" data-element_type=\"section\">\n\t\t\t\t\t\t<div class=\"elementor-container elementor-column-gap-default\">\n\t\t\t\t\t<div class=\"elementor-column elementor-col-100 elementor-top-column elementor-element elementor-element-7c3c868\" data-id=\"7c3c868\" data-element_type=\"column\">\n\t\t\t<div class=\"elementor-widget-wrap elementor-element-populated\">\n\t\t\t\t\t\t<div class=\"elementor-element elementor-element-c6fecf4 elementor-widget elementor-widget-text-editor\" data-id=\"c6fecf4\" data-element_type=\"widget\" data-widget_type=\"text-editor.default\">\n\t\t\t\t<div class=\"elementor-widget-container\">\n\t\t\t\t\t\t\t\t\t<p>Ofereixo serveis d\u2019interpretaci\u00f3 en diverses \u00e0rees, incloent-hi interpretaci\u00f3 simult\u00e0nia, consecutiva i especialitzada per a esdeveniments empresarials, legals o p\u00fablics. Tamb\u00e9 puc proporcionar interpretaci\u00f3 telef\u00f2nica gr\u00e0cies al meu equip t\u00e8cnic de gran qualitat. <\/p><p>No dubteu a posar-vos en contacte amb mi per a serveis d\u2019interpretaci\u00f3 professional adaptats a les vostres necessitats. Us proporcionar\u00e9 un pressupost segons el tema, la durada de la interpretaci\u00f3 i, si cal, les despeses de viatge. <\/p>\t\t\t\t\t\t\t\t<\/div>\n\t\t\t\t<\/div>\n\t\t\t\t<div class=\"elementor-element elementor-element-a9493cb elementor-widget elementor-widget-spacer\" data-id=\"a9493cb\" data-element_type=\"widget\" data-widget_type=\"spacer.default\">\n\t\t\t\t<div class=\"elementor-widget-container\">\n\t\t\t\t\t\t\t<div class=\"elementor-spacer\">\n\t\t\t<div class=\"elementor-spacer-inner\"><\/div>\n\t\t<\/div>\n\t\t\t\t\t\t<\/div>\n\t\t\t\t<\/div>\n\t\t\t\t\t<\/div>\n\t\t<\/div>\n\t\t\t\t\t<\/div>\n\t\t<\/section>\n\t\t\t\t<\/div>\n\t\t","protected":false},"excerpt":{"rendered":"<p>Interpretaci\u00f3 La interpretaci\u00f3 \u00e9s el proc\u00e9s de convertir el discurs d\u2019un idioma a un altre en temps real. \u00c9s essencial en confer\u00e8ncies, reunions de negocis, esdeveniments legals i p\u00fablics, ja que permet la comunicaci\u00f3 entre persones que parlen diferents idiomes. Un int\u00e8rpret professional ha de tenir no nom\u00e9s un domini excel\u00b7lent dels idiomes, sin\u00f3 tamb\u00e9 [&hellip;]<\/p>\n","protected":false},"author":3,"featured_media":0,"parent":0,"menu_order":0,"comment_status":"closed","ping_status":"closed","template":"elementor_header_footer","meta":{"footnotes":""},"class_list":["post-980","page","type-page","status-publish","hentry"],"yoast_head":"<!-- This site is optimized with the Yoast SEO plugin v25.8 - https:\/\/yoast.com\/wordpress\/plugins\/seo\/ -->\n<title>Interpretaci\u00f3 - Daniela Castillo Mikla\u0161<\/title>\n<meta name=\"robots\" content=\"index, follow, max-snippet:-1, max-image-preview:large, max-video-preview:-1\" \/>\n<link rel=\"canonical\" href=\"https:\/\/www.castillomiklas.sk\/ca\/interpretacio\/\" \/>\n<meta property=\"og:locale\" content=\"ca_ES\" \/>\n<meta property=\"og:type\" content=\"article\" \/>\n<meta property=\"og:title\" content=\"Interpretaci\u00f3 - Daniela Castillo Mikla\u0161\" \/>\n<meta property=\"og:description\" content=\"Interpretaci\u00f3 La interpretaci\u00f3 \u00e9s el proc\u00e9s de convertir el discurs d\u2019un idioma a un altre en temps real. \u00c9s essencial en confer\u00e8ncies, reunions de negocis, esdeveniments legals i p\u00fablics, ja que permet la comunicaci\u00f3 entre persones que parlen diferents idiomes. Un int\u00e8rpret professional ha de tenir no nom\u00e9s un domini excel\u00b7lent dels idiomes, sin\u00f3 tamb\u00e9 [&hellip;]\" \/>\n<meta property=\"og:url\" content=\"https:\/\/www.castillomiklas.sk\/ca\/interpretacio\/\" \/>\n<meta property=\"og:site_name\" content=\"Daniela Castillo Mikla\u0161\" \/>\n<meta property=\"article:modified_time\" content=\"2025-05-21T07:30:26+00:00\" \/>\n<meta property=\"og:image\" content=\"https:\/\/www.castillomiklas.sk\/wp-content\/uploads\/2025\/04\/Tlmocenie-obrazok.png\" \/>\n\t<meta property=\"og:image:width\" content=\"620\" \/>\n\t<meta property=\"og:image:height\" content=\"537\" \/>\n\t<meta property=\"og:image:type\" content=\"image\/png\" \/>\n<meta name=\"twitter:card\" content=\"summary_large_image\" \/>\n<meta name=\"twitter:label1\" content=\"Temps estimat de lectura\" \/>\n\t<meta name=\"twitter:data1\" content=\"1 minut\" \/>\n<script type=\"application\/ld+json\" class=\"yoast-schema-graph\">{\"@context\":\"https:\/\/schema.org\",\"@graph\":[{\"@type\":\"WebPage\",\"@id\":\"https:\/\/www.castillomiklas.sk\/ca\/interpretacio\/\",\"url\":\"https:\/\/www.castillomiklas.sk\/ca\/interpretacio\/\",\"name\":\"Interpretaci\u00f3 - Daniela Castillo Mikla\u0161\",\"isPartOf\":{\"@id\":\"https:\/\/www.castillomiklas.sk\/#website\"},\"primaryImageOfPage\":{\"@id\":\"https:\/\/www.castillomiklas.sk\/ca\/interpretacio\/#primaryimage\"},\"image\":{\"@id\":\"https:\/\/www.castillomiklas.sk\/ca\/interpretacio\/#primaryimage\"},\"thumbnailUrl\":\"https:\/\/www.castillomiklas.sk\/wp-content\/uploads\/2025\/04\/Tlmocenie-obrazok.png\",\"datePublished\":\"2025-04-27T15:40:26+00:00\",\"dateModified\":\"2025-05-21T07:30:26+00:00\",\"breadcrumb\":{\"@id\":\"https:\/\/www.castillomiklas.sk\/ca\/interpretacio\/#breadcrumb\"},\"inLanguage\":\"ca\",\"potentialAction\":[{\"@type\":\"ReadAction\",\"target\":[\"https:\/\/www.castillomiklas.sk\/ca\/interpretacio\/\"]}]},{\"@type\":\"ImageObject\",\"inLanguage\":\"ca\",\"@id\":\"https:\/\/www.castillomiklas.sk\/ca\/interpretacio\/#primaryimage\",\"url\":\"https:\/\/www.castillomiklas.sk\/wp-content\/uploads\/2025\/04\/Tlmocenie-obrazok.png\",\"contentUrl\":\"https:\/\/www.castillomiklas.sk\/wp-content\/uploads\/2025\/04\/Tlmocenie-obrazok.png\"},{\"@type\":\"BreadcrumbList\",\"@id\":\"https:\/\/www.castillomiklas.sk\/ca\/interpretacio\/#breadcrumb\",\"itemListElement\":[{\"@type\":\"ListItem\",\"position\":1,\"name\":\"Home\",\"item\":\"https:\/\/www.castillomiklas.sk\/\"},{\"@type\":\"ListItem\",\"position\":2,\"name\":\"Interpretaci\u00f3\"}]},{\"@type\":\"WebSite\",\"@id\":\"https:\/\/www.castillomiklas.sk\/#website\",\"url\":\"https:\/\/www.castillomiklas.sk\/\",\"name\":\"Daniela Castillo Mikla\u0161\",\"description\":\"\",\"publisher\":{\"@id\":\"https:\/\/www.castillomiklas.sk\/#organization\"},\"potentialAction\":[{\"@type\":\"SearchAction\",\"target\":{\"@type\":\"EntryPoint\",\"urlTemplate\":\"https:\/\/www.castillomiklas.sk\/?s={search_term_string}\"},\"query-input\":{\"@type\":\"PropertyValueSpecification\",\"valueRequired\":true,\"valueName\":\"search_term_string\"}}],\"inLanguage\":\"ca\"},{\"@type\":\"Organization\",\"@id\":\"https:\/\/www.castillomiklas.sk\/#organization\",\"name\":\"Daniela Castillo Mikla\u0161\",\"url\":\"https:\/\/www.castillomiklas.sk\/\",\"logo\":{\"@type\":\"ImageObject\",\"inLanguage\":\"ca\",\"@id\":\"https:\/\/www.castillomiklas.sk\/#\/schema\/logo\/image\/\",\"url\":\"https:\/\/www.castillomiklas.sk\/wp-content\/uploads\/2025\/02\/Castillo-logo.svg\",\"contentUrl\":\"https:\/\/www.castillomiklas.sk\/wp-content\/uploads\/2025\/02\/Castillo-logo.svg\",\"width\":140,\"height\":140,\"caption\":\"Daniela Castillo Mikla\u0161\"},\"image\":{\"@id\":\"https:\/\/www.castillomiklas.sk\/#\/schema\/logo\/image\/\"}}]}<\/script>\n<!-- \/ Yoast SEO plugin. -->","yoast_head_json":{"title":"Interpretaci\u00f3 - Daniela Castillo Mikla\u0161","robots":{"index":"index","follow":"follow","max-snippet":"max-snippet:-1","max-image-preview":"max-image-preview:large","max-video-preview":"max-video-preview:-1"},"canonical":"https:\/\/www.castillomiklas.sk\/ca\/interpretacio\/","og_locale":"ca_ES","og_type":"article","og_title":"Interpretaci\u00f3 - Daniela Castillo Mikla\u0161","og_description":"Interpretaci\u00f3 La interpretaci\u00f3 \u00e9s el proc\u00e9s de convertir el discurs d\u2019un idioma a un altre en temps real. \u00c9s essencial en confer\u00e8ncies, reunions de negocis, esdeveniments legals i p\u00fablics, ja que permet la comunicaci\u00f3 entre persones que parlen diferents idiomes. Un int\u00e8rpret professional ha de tenir no nom\u00e9s un domini excel\u00b7lent dels idiomes, sin\u00f3 tamb\u00e9 [&hellip;]","og_url":"https:\/\/www.castillomiklas.sk\/ca\/interpretacio\/","og_site_name":"Daniela Castillo Mikla\u0161","article_modified_time":"2025-05-21T07:30:26+00:00","og_image":[{"width":620,"height":537,"url":"https:\/\/www.castillomiklas.sk\/wp-content\/uploads\/2025\/04\/Tlmocenie-obrazok.png","type":"image\/png"}],"twitter_card":"summary_large_image","twitter_misc":{"Temps estimat de lectura":"1 minut"},"schema":{"@context":"https:\/\/schema.org","@graph":[{"@type":"WebPage","@id":"https:\/\/www.castillomiklas.sk\/ca\/interpretacio\/","url":"https:\/\/www.castillomiklas.sk\/ca\/interpretacio\/","name":"Interpretaci\u00f3 - Daniela Castillo Mikla\u0161","isPartOf":{"@id":"https:\/\/www.castillomiklas.sk\/#website"},"primaryImageOfPage":{"@id":"https:\/\/www.castillomiklas.sk\/ca\/interpretacio\/#primaryimage"},"image":{"@id":"https:\/\/www.castillomiklas.sk\/ca\/interpretacio\/#primaryimage"},"thumbnailUrl":"https:\/\/www.castillomiklas.sk\/wp-content\/uploads\/2025\/04\/Tlmocenie-obrazok.png","datePublished":"2025-04-27T15:40:26+00:00","dateModified":"2025-05-21T07:30:26+00:00","breadcrumb":{"@id":"https:\/\/www.castillomiklas.sk\/ca\/interpretacio\/#breadcrumb"},"inLanguage":"ca","potentialAction":[{"@type":"ReadAction","target":["https:\/\/www.castillomiklas.sk\/ca\/interpretacio\/"]}]},{"@type":"ImageObject","inLanguage":"ca","@id":"https:\/\/www.castillomiklas.sk\/ca\/interpretacio\/#primaryimage","url":"https:\/\/www.castillomiklas.sk\/wp-content\/uploads\/2025\/04\/Tlmocenie-obrazok.png","contentUrl":"https:\/\/www.castillomiklas.sk\/wp-content\/uploads\/2025\/04\/Tlmocenie-obrazok.png"},{"@type":"BreadcrumbList","@id":"https:\/\/www.castillomiklas.sk\/ca\/interpretacio\/#breadcrumb","itemListElement":[{"@type":"ListItem","position":1,"name":"Home","item":"https:\/\/www.castillomiklas.sk\/"},{"@type":"ListItem","position":2,"name":"Interpretaci\u00f3"}]},{"@type":"WebSite","@id":"https:\/\/www.castillomiklas.sk\/#website","url":"https:\/\/www.castillomiklas.sk\/","name":"Daniela Castillo Mikla\u0161","description":"","publisher":{"@id":"https:\/\/www.castillomiklas.sk\/#organization"},"potentialAction":[{"@type":"SearchAction","target":{"@type":"EntryPoint","urlTemplate":"https:\/\/www.castillomiklas.sk\/?s={search_term_string}"},"query-input":{"@type":"PropertyValueSpecification","valueRequired":true,"valueName":"search_term_string"}}],"inLanguage":"ca"},{"@type":"Organization","@id":"https:\/\/www.castillomiklas.sk\/#organization","name":"Daniela Castillo Mikla\u0161","url":"https:\/\/www.castillomiklas.sk\/","logo":{"@type":"ImageObject","inLanguage":"ca","@id":"https:\/\/www.castillomiklas.sk\/#\/schema\/logo\/image\/","url":"https:\/\/www.castillomiklas.sk\/wp-content\/uploads\/2025\/02\/Castillo-logo.svg","contentUrl":"https:\/\/www.castillomiklas.sk\/wp-content\/uploads\/2025\/02\/Castillo-logo.svg","width":140,"height":140,"caption":"Daniela Castillo Mikla\u0161"},"image":{"@id":"https:\/\/www.castillomiklas.sk\/#\/schema\/logo\/image\/"}}]}},"_links":{"self":[{"href":"https:\/\/www.castillomiklas.sk\/ca\/wp-json\/wp\/v2\/pages\/980","targetHints":{"allow":["GET"]}}],"collection":[{"href":"https:\/\/www.castillomiklas.sk\/ca\/wp-json\/wp\/v2\/pages"}],"about":[{"href":"https:\/\/www.castillomiklas.sk\/ca\/wp-json\/wp\/v2\/types\/page"}],"author":[{"embeddable":true,"href":"https:\/\/www.castillomiklas.sk\/ca\/wp-json\/wp\/v2\/users\/3"}],"replies":[{"embeddable":true,"href":"https:\/\/www.castillomiklas.sk\/ca\/wp-json\/wp\/v2\/comments?post=980"}],"version-history":[{"count":2,"href":"https:\/\/www.castillomiklas.sk\/ca\/wp-json\/wp\/v2\/pages\/980\/revisions"}],"predecessor-version":[{"id":982,"href":"https:\/\/www.castillomiklas.sk\/ca\/wp-json\/wp\/v2\/pages\/980\/revisions\/982"}],"wp:attachment":[{"href":"https:\/\/www.castillomiklas.sk\/ca\/wp-json\/wp\/v2\/media?parent=980"}],"curies":[{"name":"wp","href":"https:\/\/api.w.org\/{rel}","templated":true}]}}