{"id":1000,"date":"2025-04-27T17:53:33","date_gmt":"2025-04-27T15:53:33","guid":{"rendered":"https:\/\/www.castillomiklas.sk\/aprendizaje-de-idiomas\/"},"modified":"2025-06-09T16:55:04","modified_gmt":"2025-06-09T14:55:04","slug":"ensenanza-de-idiomas","status":"publish","type":"page","link":"https:\/\/www.castillomiklas.sk\/es\/ensenanza-de-idiomas\/","title":{"rendered":"Ense\u00f1anza de idiomas"},"content":{"rendered":"\t\t<div data-elementor-type=\"wp-post\" data-elementor-id=\"1000\" class=\"elementor elementor-1000 elementor-657\" data-elementor-post-type=\"page\">\n\t\t\t\t\t\t<section class=\"elementor-section elementor-top-section elementor-element elementor-element-10f5261 elementor-section-boxed elementor-section-height-default elementor-section-height-default\" data-id=\"10f5261\" data-element_type=\"section\">\n\t\t\t\t\t\t<div class=\"elementor-container elementor-column-gap-default\">\n\t\t\t\t\t<div class=\"elementor-column elementor-col-100 elementor-top-column elementor-element elementor-element-c10ba6d\" data-id=\"c10ba6d\" data-element_type=\"column\">\n\t\t\t<div class=\"elementor-widget-wrap elementor-element-populated\">\n\t\t\t\t\t\t<div class=\"elementor-element elementor-element-2add124 elementor-widget elementor-widget-spacer\" data-id=\"2add124\" data-element_type=\"widget\" data-widget_type=\"spacer.default\">\n\t\t\t\t<div class=\"elementor-widget-container\">\n\t\t\t\t\t\t\t<div class=\"elementor-spacer\">\n\t\t\t<div class=\"elementor-spacer-inner\"><\/div>\n\t\t<\/div>\n\t\t\t\t\t\t<\/div>\n\t\t\t\t<\/div>\n\t\t\t\t\t<\/div>\n\t\t<\/div>\n\t\t\t\t\t<\/div>\n\t\t<\/section>\n\t\t\t\t<section class=\"elementor-section elementor-top-section elementor-element elementor-element-19f0c73 elementor-section-boxed elementor-section-height-default elementor-section-height-default\" data-id=\"19f0c73\" data-element_type=\"section\">\n\t\t\t\t\t\t<div class=\"elementor-container elementor-column-gap-default\">\n\t\t\t\t\t<div class=\"elementor-column elementor-col-50 elementor-top-column elementor-element elementor-element-31bb0a7\" data-id=\"31bb0a7\" data-element_type=\"column\">\n\t\t\t<div class=\"elementor-widget-wrap elementor-element-populated\">\n\t\t\t\t\t\t<div class=\"elementor-element elementor-element-3914917 elementor-widget__width-inherit elementor-widget elementor-widget-heading\" data-id=\"3914917\" data-element_type=\"widget\" data-widget_type=\"heading.default\">\n\t\t\t\t<div class=\"elementor-widget-container\">\n\t\t\t\t\t<h1 class=\"elementor-heading-title elementor-size-default\">Ense\u00f1anza de idiomas<\/h1>\t\t\t\t<\/div>\n\t\t\t\t<\/div>\n\t\t\t\t<div class=\"elementor-element elementor-element-8bcfe18 elementor-widget elementor-widget-text-editor\" data-id=\"8bcfe18\" data-element_type=\"widget\" data-widget_type=\"text-editor.default\">\n\t\t\t\t<div class=\"elementor-widget-container\">\n\t\t\t\t\t\t\t\t\t<p>Ofrezco cursos de idiomas adaptados a sus necesidades y nivel. Ense\u00f1o tanto de manera presencial como en l\u00ednea, por lo que pueden elegir el m\u00e9todo que m\u00e1s les convenga. Mis cursos est\u00e1n dise\u00f1ados para individuos, empresas, estudiantes e incluso para principiantes absolutos.<br>Ya sea que necesiten enfocarse en gram\u00e1tica, conversaci\u00f3n o terminolog\u00eda especializada, puedo personalizar las lecciones para cumplir con sus objetivos espec\u00edficos. <\/p>\t\t\t\t\t\t\t\t<\/div>\n\t\t\t\t<\/div>\n\t\t\t\t<div class=\"elementor-element elementor-element-7ccf9d8 elementor-widget__width-inherit elementor-widget elementor-widget-heading\" data-id=\"7ccf9d8\" data-element_type=\"widget\" data-widget_type=\"heading.default\">\n\t\t\t\t<div class=\"elementor-widget-container\">\n\t\t\t\t\t<h2 class=\"elementor-heading-title elementor-size-default\">Cursos dise\u00f1ados para<\/h2>\t\t\t\t<\/div>\n\t\t\t\t<\/div>\n\t\t\t\t<div class=\"elementor-element elementor-element-3156faa elementor-widget__width-auto elementor-icon-list--layout-traditional elementor-list-item-link-full_width elementor-widget elementor-widget-icon-list\" data-id=\"3156faa\" data-element_type=\"widget\" data-widget_type=\"icon-list.default\">\n\t\t\t\t<div class=\"elementor-widget-container\">\n\t\t\t\t\t\t\t<ul class=\"elementor-icon-list-items\">\n\t\t\t\t\t\t\t<li class=\"elementor-icon-list-item\">\n\t\t\t\t\t\t\t\t\t\t\t<span class=\"elementor-icon-list-icon\">\n\t\t\t\t\t\t\t<i aria-hidden=\"true\" class=\"fas fa-dot-circle\"><\/i>\t\t\t\t\t\t<\/span>\n\t\t\t\t\t\t\t\t\t\t<span class=\"elementor-icon-list-text\">Particulares<\/span>\n\t\t\t\t\t\t\t\t\t<\/li>\n\t\t\t\t\t\t<\/ul>\n\t\t\t\t\t\t<\/div>\n\t\t\t\t<\/div>\n\t\t\t\t<div class=\"elementor-element elementor-element-563b583 elementor-widget__width-auto elementor-icon-list--layout-traditional elementor-list-item-link-full_width elementor-widget elementor-widget-icon-list\" data-id=\"563b583\" data-element_type=\"widget\" data-widget_type=\"icon-list.default\">\n\t\t\t\t<div class=\"elementor-widget-container\">\n\t\t\t\t\t\t\t<ul class=\"elementor-icon-list-items\">\n\t\t\t\t\t\t\t<li class=\"elementor-icon-list-item\">\n\t\t\t\t\t\t\t\t\t\t\t<span class=\"elementor-icon-list-icon\">\n\t\t\t\t\t\t\t<i aria-hidden=\"true\" class=\"fas fa-dot-circle\"><\/i>\t\t\t\t\t\t<\/span>\n\t\t\t\t\t\t\t\t\t\t<span class=\"elementor-icon-list-text\">Empresas<\/span>\n\t\t\t\t\t\t\t\t\t<\/li>\n\t\t\t\t\t\t<\/ul>\n\t\t\t\t\t\t<\/div>\n\t\t\t\t<\/div>\n\t\t\t\t<div class=\"elementor-element elementor-element-cb4f562 elementor-widget__width-auto elementor-icon-list--layout-traditional elementor-list-item-link-full_width elementor-widget elementor-widget-icon-list\" data-id=\"cb4f562\" data-element_type=\"widget\" data-widget_type=\"icon-list.default\">\n\t\t\t\t<div class=\"elementor-widget-container\">\n\t\t\t\t\t\t\t<ul class=\"elementor-icon-list-items\">\n\t\t\t\t\t\t\t<li class=\"elementor-icon-list-item\">\n\t\t\t\t\t\t\t\t\t\t\t<span class=\"elementor-icon-list-icon\">\n\t\t\t\t\t\t\t<i aria-hidden=\"true\" class=\"fas fa-dot-circle\"><\/i>\t\t\t\t\t\t<\/span>\n\t\t\t\t\t\t\t\t\t\t<span class=\"elementor-icon-list-text\">Estudiantes<\/span>\n\t\t\t\t\t\t\t\t\t<\/li>\n\t\t\t\t\t\t<\/ul>\n\t\t\t\t\t\t<\/div>\n\t\t\t\t<\/div>\n\t\t\t\t<div class=\"elementor-element elementor-element-3ea9fa6 elementor-widget__width-auto elementor-icon-list--layout-traditional elementor-list-item-link-full_width elementor-widget elementor-widget-icon-list\" data-id=\"3ea9fa6\" data-element_type=\"widget\" data-widget_type=\"icon-list.default\">\n\t\t\t\t<div class=\"elementor-widget-container\">\n\t\t\t\t\t\t\t<ul class=\"elementor-icon-list-items\">\n\t\t\t\t\t\t\t<li class=\"elementor-icon-list-item\">\n\t\t\t\t\t\t\t\t\t\t\t<span class=\"elementor-icon-list-icon\">\n\t\t\t\t\t\t\t<i aria-hidden=\"true\" class=\"fas fa-dot-circle\"><\/i>\t\t\t\t\t\t<\/span>\n\t\t\t\t\t\t\t\t\t\t<span class=\"elementor-icon-list-text\">Principiantes<\/span>\n\t\t\t\t\t\t\t\t\t<\/li>\n\t\t\t\t\t\t<\/ul>\n\t\t\t\t\t\t<\/div>\n\t\t\t\t<\/div>\n\t\t\t\t\t<\/div>\n\t\t<\/div>\n\t\t\t\t<div class=\"elementor-column elementor-col-50 elementor-top-column elementor-element elementor-element-2871a74\" data-id=\"2871a74\" data-element_type=\"column\">\n\t\t\t<div class=\"elementor-widget-wrap elementor-element-populated\">\n\t\t\t\t\t\t<div class=\"elementor-element elementor-element-d8c1697 elementor-widget elementor-widget-image\" data-id=\"d8c1697\" data-element_type=\"widget\" data-widget_type=\"image.default\">\n\t\t\t\t<div class=\"elementor-widget-container\">\n\t\t\t\t\t\t\t\t\t\t\t\t\t\t\t<img fetchpriority=\"high\" decoding=\"async\" width=\"620\" height=\"552\" src=\"https:\/\/www.castillomiklas.sk\/wp-content\/uploads\/2025\/06\/Vyucba-jazykov-Castillo.png\" class=\"attachment-full size-full wp-image-1372\" alt=\"\" srcset=\"https:\/\/www.castillomiklas.sk\/wp-content\/uploads\/2025\/06\/Vyucba-jazykov-Castillo.png 620w, https:\/\/www.castillomiklas.sk\/wp-content\/uploads\/2025\/06\/Vyucba-jazykov-Castillo-300x267.png 300w\" sizes=\"(max-width: 620px) 100vw, 620px\" \/>\t\t\t\t\t\t\t\t\t\t\t\t\t\t\t<\/div>\n\t\t\t\t<\/div>\n\t\t\t\t\t<\/div>\n\t\t<\/div>\n\t\t\t\t\t<\/div>\n\t\t<\/section>\n\t\t\t\t<section class=\"elementor-section elementor-top-section elementor-element elementor-element-8e52d8a elementor-section-boxed elementor-section-height-default elementor-section-height-default\" data-id=\"8e52d8a\" data-element_type=\"section\">\n\t\t\t\t\t\t<div class=\"elementor-container elementor-column-gap-default\">\n\t\t\t\t\t<div class=\"elementor-column elementor-col-100 elementor-top-column elementor-element elementor-element-7c3c868\" data-id=\"7c3c868\" data-element_type=\"column\">\n\t\t\t<div class=\"elementor-widget-wrap elementor-element-populated\">\n\t\t\t\t\t\t<div class=\"elementor-element elementor-element-c6fecf4 elementor-widget elementor-widget-text-editor\" data-id=\"c6fecf4\" data-element_type=\"widget\" data-widget_type=\"text-editor.default\">\n\t\t\t\t<div class=\"elementor-widget-container\">\n\t\t\t\t\t\t\t\t\t<p>Para los estudiantes, preparo lecciones intensivas centradas en la gram\u00e1tica y las habilidades ling\u00fc\u00edsticas, y para gerentes o empleados de empresas, ofrezco lecciones de conversaci\u00f3n y comunicaci\u00f3n empresarial. Cada curso es flexible y se adapta a sus necesidades y horarios. <\/p><p>Con mi enfoque personalizado, les ayudar\u00e9 a progresar r\u00e1pidamente y de manera efectiva en el idioma. No importa si son principiantes completos o estudiantes avanzados, cada lecci\u00f3n ser\u00e1 dise\u00f1ada espec\u00edficamente para ustedes. <br> <br>Si a\u00fan tienen dudas, p\u00f3nganse en contacto conmigo y encontraremos el camino m\u00e1s adecuado para que puedan dominar r\u00e1pidamente y de manera efectiva un idioma extranjero.<\/p>\t\t\t\t\t\t\t\t<\/div>\n\t\t\t\t<\/div>\n\t\t\t\t<div class=\"elementor-element elementor-element-a9493cb elementor-widget elementor-widget-spacer\" data-id=\"a9493cb\" data-element_type=\"widget\" data-widget_type=\"spacer.default\">\n\t\t\t\t<div class=\"elementor-widget-container\">\n\t\t\t\t\t\t\t<div class=\"elementor-spacer\">\n\t\t\t<div class=\"elementor-spacer-inner\"><\/div>\n\t\t<\/div>\n\t\t\t\t\t\t<\/div>\n\t\t\t\t<\/div>\n\t\t\t\t\t<\/div>\n\t\t<\/div>\n\t\t\t\t\t<\/div>\n\t\t<\/section>\n\t\t\t\t<\/div>\n\t\t","protected":false},"excerpt":{"rendered":"<p>Ense\u00f1anza de idiomas Ofrezco cursos de idiomas adaptados a sus necesidades y nivel. Ense\u00f1o tanto de manera presencial como en l\u00ednea, por lo que pueden elegir el m\u00e9todo que m\u00e1s les convenga. Mis cursos est\u00e1n dise\u00f1ados para individuos, empresas, estudiantes e incluso para principiantes absolutos.Ya sea que necesiten enfocarse en gram\u00e1tica, conversaci\u00f3n o terminolog\u00eda especializada, [&hellip;]<\/p>\n","protected":false},"author":3,"featured_media":0,"parent":0,"menu_order":0,"comment_status":"closed","ping_status":"closed","template":"elementor_header_footer","meta":{"footnotes":""},"class_list":["post-1000","page","type-page","status-publish","hentry"],"yoast_head":"<!-- This site is optimized with the Yoast SEO plugin v25.8 - https:\/\/yoast.com\/wordpress\/plugins\/seo\/ -->\n<title>Ense\u00f1anza de idiomas - Daniela Castillo Mikla\u0161<\/title>\n<meta name=\"robots\" content=\"index, follow, max-snippet:-1, max-image-preview:large, max-video-preview:-1\" \/>\n<link rel=\"canonical\" href=\"https:\/\/www.castillomiklas.sk\/vyucba-jazykov\/\" \/>\n<meta property=\"og:locale\" content=\"es_ES\" \/>\n<meta property=\"og:type\" content=\"article\" \/>\n<meta property=\"og:title\" content=\"Ense\u00f1anza de idiomas - Daniela Castillo Mikla\u0161\" \/>\n<meta property=\"og:description\" content=\"Ense\u00f1anza de idiomas Ofrezco cursos de idiomas adaptados a sus necesidades y nivel. Ense\u00f1o tanto de manera presencial como en l\u00ednea, por lo que pueden elegir el m\u00e9todo que m\u00e1s les convenga. Mis cursos est\u00e1n dise\u00f1ados para individuos, empresas, estudiantes e incluso para principiantes absolutos.Ya sea que necesiten enfocarse en gram\u00e1tica, conversaci\u00f3n o terminolog\u00eda especializada, [&hellip;]\" \/>\n<meta property=\"og:url\" content=\"https:\/\/www.castillomiklas.sk\/vyucba-jazykov\/\" \/>\n<meta property=\"og:site_name\" content=\"Daniela Castillo Mikla\u0161\" \/>\n<meta property=\"article:modified_time\" content=\"2025-06-09T14:55:04+00:00\" \/>\n<meta property=\"og:image\" content=\"https:\/\/www.castillomiklas.sk\/wp-content\/uploads\/2025\/06\/Vyucba-jazykov-Castillo.png\" \/>\n\t<meta property=\"og:image:width\" content=\"620\" \/>\n\t<meta property=\"og:image:height\" content=\"552\" \/>\n\t<meta property=\"og:image:type\" content=\"image\/png\" \/>\n<meta name=\"twitter:card\" content=\"summary_large_image\" \/>\n<meta name=\"twitter:label1\" content=\"Tiempo de lectura\" \/>\n\t<meta name=\"twitter:data1\" content=\"1 minuto\" \/>\n<script type=\"application\/ld+json\" class=\"yoast-schema-graph\">{\"@context\":\"https:\/\/schema.org\",\"@graph\":[{\"@type\":\"WebPage\",\"@id\":\"https:\/\/www.castillomiklas.sk\/vyucba-jazykov\/\",\"url\":\"https:\/\/www.castillomiklas.sk\/vyucba-jazykov\/\",\"name\":\"Ense\u00f1anza de idiomas - Daniela Castillo Mikla\u0161\",\"isPartOf\":{\"@id\":\"https:\/\/www.castillomiklas.sk\/#website\"},\"primaryImageOfPage\":{\"@id\":\"https:\/\/www.castillomiklas.sk\/vyucba-jazykov\/#primaryimage\"},\"image\":{\"@id\":\"https:\/\/www.castillomiklas.sk\/vyucba-jazykov\/#primaryimage\"},\"thumbnailUrl\":\"https:\/\/www.castillomiklas.sk\/wp-content\/uploads\/2025\/06\/Vyucba-jazykov-Castillo.png\",\"datePublished\":\"2025-04-27T15:53:33+00:00\",\"dateModified\":\"2025-06-09T14:55:04+00:00\",\"breadcrumb\":{\"@id\":\"https:\/\/www.castillomiklas.sk\/vyucba-jazykov\/#breadcrumb\"},\"inLanguage\":\"es\",\"potentialAction\":[{\"@type\":\"ReadAction\",\"target\":[\"https:\/\/www.castillomiklas.sk\/vyucba-jazykov\/\"]}]},{\"@type\":\"ImageObject\",\"inLanguage\":\"es\",\"@id\":\"https:\/\/www.castillomiklas.sk\/vyucba-jazykov\/#primaryimage\",\"url\":\"https:\/\/www.castillomiklas.sk\/wp-content\/uploads\/2025\/06\/Vyucba-jazykov-Castillo.png\",\"contentUrl\":\"https:\/\/www.castillomiklas.sk\/wp-content\/uploads\/2025\/06\/Vyucba-jazykov-Castillo.png\"},{\"@type\":\"BreadcrumbList\",\"@id\":\"https:\/\/www.castillomiklas.sk\/vyucba-jazykov\/#breadcrumb\",\"itemListElement\":[{\"@type\":\"ListItem\",\"position\":1,\"name\":\"Home\",\"item\":\"https:\/\/www.castillomiklas.sk\/\"},{\"@type\":\"ListItem\",\"position\":2,\"name\":\"Ense\u00f1anza de idiomas\"}]},{\"@type\":\"WebSite\",\"@id\":\"https:\/\/www.castillomiklas.sk\/#website\",\"url\":\"https:\/\/www.castillomiklas.sk\/\",\"name\":\"Daniela Castillo Mikla\u0161\",\"description\":\"\",\"publisher\":{\"@id\":\"https:\/\/www.castillomiklas.sk\/#organization\"},\"potentialAction\":[{\"@type\":\"SearchAction\",\"target\":{\"@type\":\"EntryPoint\",\"urlTemplate\":\"https:\/\/www.castillomiklas.sk\/?s={search_term_string}\"},\"query-input\":{\"@type\":\"PropertyValueSpecification\",\"valueRequired\":true,\"valueName\":\"search_term_string\"}}],\"inLanguage\":\"es\"},{\"@type\":\"Organization\",\"@id\":\"https:\/\/www.castillomiklas.sk\/#organization\",\"name\":\"Daniela Castillo Mikla\u0161\",\"url\":\"https:\/\/www.castillomiklas.sk\/\",\"logo\":{\"@type\":\"ImageObject\",\"inLanguage\":\"es\",\"@id\":\"https:\/\/www.castillomiklas.sk\/#\/schema\/logo\/image\/\",\"url\":\"https:\/\/www.castillomiklas.sk\/wp-content\/uploads\/2025\/02\/Castillo-logo.svg\",\"contentUrl\":\"https:\/\/www.castillomiklas.sk\/wp-content\/uploads\/2025\/02\/Castillo-logo.svg\",\"width\":140,\"height\":140,\"caption\":\"Daniela Castillo Mikla\u0161\"},\"image\":{\"@id\":\"https:\/\/www.castillomiklas.sk\/#\/schema\/logo\/image\/\"}}]}<\/script>\n<!-- \/ Yoast SEO plugin. -->","yoast_head_json":{"title":"Ense\u00f1anza de idiomas - Daniela Castillo Mikla\u0161","robots":{"index":"index","follow":"follow","max-snippet":"max-snippet:-1","max-image-preview":"max-image-preview:large","max-video-preview":"max-video-preview:-1"},"canonical":"https:\/\/www.castillomiklas.sk\/vyucba-jazykov\/","og_locale":"es_ES","og_type":"article","og_title":"Ense\u00f1anza de idiomas - Daniela Castillo Mikla\u0161","og_description":"Ense\u00f1anza de idiomas Ofrezco cursos de idiomas adaptados a sus necesidades y nivel. Ense\u00f1o tanto de manera presencial como en l\u00ednea, por lo que pueden elegir el m\u00e9todo que m\u00e1s les convenga. Mis cursos est\u00e1n dise\u00f1ados para individuos, empresas, estudiantes e incluso para principiantes absolutos.Ya sea que necesiten enfocarse en gram\u00e1tica, conversaci\u00f3n o terminolog\u00eda especializada, [&hellip;]","og_url":"https:\/\/www.castillomiklas.sk\/vyucba-jazykov\/","og_site_name":"Daniela Castillo Mikla\u0161","article_modified_time":"2025-06-09T14:55:04+00:00","og_image":[{"width":620,"height":552,"url":"https:\/\/www.castillomiklas.sk\/wp-content\/uploads\/2025\/06\/Vyucba-jazykov-Castillo.png","type":"image\/png"}],"twitter_card":"summary_large_image","twitter_misc":{"Tiempo de lectura":"1 minuto"},"schema":{"@context":"https:\/\/schema.org","@graph":[{"@type":"WebPage","@id":"https:\/\/www.castillomiklas.sk\/vyucba-jazykov\/","url":"https:\/\/www.castillomiklas.sk\/vyucba-jazykov\/","name":"Ense\u00f1anza de idiomas - Daniela Castillo Mikla\u0161","isPartOf":{"@id":"https:\/\/www.castillomiklas.sk\/#website"},"primaryImageOfPage":{"@id":"https:\/\/www.castillomiklas.sk\/vyucba-jazykov\/#primaryimage"},"image":{"@id":"https:\/\/www.castillomiklas.sk\/vyucba-jazykov\/#primaryimage"},"thumbnailUrl":"https:\/\/www.castillomiklas.sk\/wp-content\/uploads\/2025\/06\/Vyucba-jazykov-Castillo.png","datePublished":"2025-04-27T15:53:33+00:00","dateModified":"2025-06-09T14:55:04+00:00","breadcrumb":{"@id":"https:\/\/www.castillomiklas.sk\/vyucba-jazykov\/#breadcrumb"},"inLanguage":"es","potentialAction":[{"@type":"ReadAction","target":["https:\/\/www.castillomiklas.sk\/vyucba-jazykov\/"]}]},{"@type":"ImageObject","inLanguage":"es","@id":"https:\/\/www.castillomiklas.sk\/vyucba-jazykov\/#primaryimage","url":"https:\/\/www.castillomiklas.sk\/wp-content\/uploads\/2025\/06\/Vyucba-jazykov-Castillo.png","contentUrl":"https:\/\/www.castillomiklas.sk\/wp-content\/uploads\/2025\/06\/Vyucba-jazykov-Castillo.png"},{"@type":"BreadcrumbList","@id":"https:\/\/www.castillomiklas.sk\/vyucba-jazykov\/#breadcrumb","itemListElement":[{"@type":"ListItem","position":1,"name":"Home","item":"https:\/\/www.castillomiklas.sk\/"},{"@type":"ListItem","position":2,"name":"Ense\u00f1anza de idiomas"}]},{"@type":"WebSite","@id":"https:\/\/www.castillomiklas.sk\/#website","url":"https:\/\/www.castillomiklas.sk\/","name":"Daniela Castillo Mikla\u0161","description":"","publisher":{"@id":"https:\/\/www.castillomiklas.sk\/#organization"},"potentialAction":[{"@type":"SearchAction","target":{"@type":"EntryPoint","urlTemplate":"https:\/\/www.castillomiklas.sk\/?s={search_term_string}"},"query-input":{"@type":"PropertyValueSpecification","valueRequired":true,"valueName":"search_term_string"}}],"inLanguage":"es"},{"@type":"Organization","@id":"https:\/\/www.castillomiklas.sk\/#organization","name":"Daniela Castillo Mikla\u0161","url":"https:\/\/www.castillomiklas.sk\/","logo":{"@type":"ImageObject","inLanguage":"es","@id":"https:\/\/www.castillomiklas.sk\/#\/schema\/logo\/image\/","url":"https:\/\/www.castillomiklas.sk\/wp-content\/uploads\/2025\/02\/Castillo-logo.svg","contentUrl":"https:\/\/www.castillomiklas.sk\/wp-content\/uploads\/2025\/02\/Castillo-logo.svg","width":140,"height":140,"caption":"Daniela Castillo Mikla\u0161"},"image":{"@id":"https:\/\/www.castillomiklas.sk\/#\/schema\/logo\/image\/"}}]}},"_links":{"self":[{"href":"https:\/\/www.castillomiklas.sk\/es\/wp-json\/wp\/v2\/pages\/1000","targetHints":{"allow":["GET"]}}],"collection":[{"href":"https:\/\/www.castillomiklas.sk\/es\/wp-json\/wp\/v2\/pages"}],"about":[{"href":"https:\/\/www.castillomiklas.sk\/es\/wp-json\/wp\/v2\/types\/page"}],"author":[{"embeddable":true,"href":"https:\/\/www.castillomiklas.sk\/es\/wp-json\/wp\/v2\/users\/3"}],"replies":[{"embeddable":true,"href":"https:\/\/www.castillomiklas.sk\/es\/wp-json\/wp\/v2\/comments?post=1000"}],"version-history":[{"count":9,"href":"https:\/\/www.castillomiklas.sk\/es\/wp-json\/wp\/v2\/pages\/1000\/revisions"}],"predecessor-version":[{"id":1381,"href":"https:\/\/www.castillomiklas.sk\/es\/wp-json\/wp\/v2\/pages\/1000\/revisions\/1381"}],"wp:attachment":[{"href":"https:\/\/www.castillomiklas.sk\/es\/wp-json\/wp\/v2\/media?parent=1000"}],"curies":[{"name":"wp","href":"https:\/\/api.w.org\/{rel}","templated":true}]}}